{"id":35474,"date":"2025-02-18T11:34:40","date_gmt":"2025-02-18T10:34:40","guid":{"rendered":"https:\/\/schloss-schrattenthal.at\/?page_id=35474"},"modified":"2026-04-10T10:40:07","modified_gmt":"2026-04-10T08:40:07","slug":"hochzeit","status":"publish","type":"page","link":"https:\/\/schloss-schrattenthal.at\/cs\/hochzeit\/","title":{"rendered":"Svatba"},"content":{"rendered":"<section class=\"section\">\n<div class=\"padding--secondary gb-element-a46c5c29\">\n<div class=\"gb-element-c4e60ca7\">\n<h1 class=\"gb-text headline--h1 gb-text-ee6d00a2\">V\u00c1\u0160 Z\u00c1MEK PRO NEJKR\u00c1SN\u011aJ\u0160\u00cd DEN VA\u0160EHO \u017dIVOTA<\/h1>\n<\/div>\n<\/div>\n<\/section>\n\n\n\n<section class=\"section padding--primary\">\n<div class=\"gb-element-96db5e30\">\n<div class=\"padding--secondary container--height-mobile gb-element-cedeac30\">\n<h2 class=\"gb-text text--white headline--h2\">\u017d\u00e1dn\u00ed turist\u00e9, \u017e\u00e1dn\u00ed div\u00e1ci, \u017e\u00e1dn\u00fd z\u00e1kaz vych\u00e1zen\u00ed, naprost\u00e9 soukrom\u00ed.<\/h2>\n\n\n\n<a class=\"gb-text button--primary gb-text-f6a84aa9\" href=\"\/cs\/kontakt\/\">Man\u017eelstv\u00ed na hrad\u011b<\/a>\n<\/div>\n\n\n\n<div class=\"gb-element-7eb8d9d3\">\n<img loading=\"lazy\" decoding=\"async\" width=\"900\" height=\"900\" class=\"container--height-mobile gb-media-937f252f\" src=\"https:\/\/schloss-schrattenthal.at\/wp-content\/uploads\/Schlossstiege-perfekte-Hochzeitsfotos-Lokation.webp\" title=\"Schlossstiege perfektn\u00ed svatebn\u00ed fotografie - Um\u00edst\u011bn\u00ed\" alt=\"Ehepaar posiert auf der Treppe im Schlosshof Schrattenthal\" srcset=\"https:\/\/schloss-schrattenthal.at\/wp-content\/uploads\/Schlossstiege-perfekte-Hochzeitsfotos-Lokation.webp 900w, https:\/\/schloss-schrattenthal.at\/wp-content\/uploads\/Schlossstiege-perfekte-Hochzeitsfotos-Lokation-460x460.webp 460w, https:\/\/schloss-schrattenthal.at\/wp-content\/uploads\/Schlossstiege-perfekte-Hochzeitsfotos-Lokation-150x150.webp 150w, https:\/\/schloss-schrattenthal.at\/wp-content\/uploads\/Schlossstiege-perfekte-Hochzeitsfotos-Lokation-768x768.webp 768w\" sizes=\"auto, (max-width: 900px) 100vw, 900px\" \/>\n<\/div>\n<\/div>\n<\/section>\n\n\n\n<section class=\"section\">\n<div class=\"container--height-mobile gb-element-28d53040\">\n<img loading=\"lazy\" decoding=\"async\" width=\"1920\" height=\"640\" class=\"container--height-mobile gb-media-a3a70860\" src=\"https:\/\/schloss-schrattenthal.at\/wp-content\/uploads\/Schlosshochzeit-Brautpaar-Schlosshof-Schattenthal.webp\" title=\"Z\u00e1meck\u00e1 svatba - svatebn\u00ed p\u00e1r Schlosshof Schattenthal\" alt=\"Ehepaar posiert im Schlosshof Schrattenthal\" srcset=\"https:\/\/schloss-schrattenthal.at\/wp-content\/uploads\/Schlosshochzeit-Brautpaar-Schlosshof-Schattenthal.webp 1920w, https:\/\/schloss-schrattenthal.at\/wp-content\/uploads\/Schlosshochzeit-Brautpaar-Schlosshof-Schattenthal-460x153.webp 460w, https:\/\/schloss-schrattenthal.at\/wp-content\/uploads\/Schlosshochzeit-Brautpaar-Schlosshof-Schattenthal-1024x341.webp 1024w, https:\/\/schloss-schrattenthal.at\/wp-content\/uploads\/Schlosshochzeit-Brautpaar-Schlosshof-Schattenthal-768x256.webp 768w, https:\/\/schloss-schrattenthal.at\/wp-content\/uploads\/Schlosshochzeit-Brautpaar-Schlosshof-Schattenthal-1536x512.webp 1536w\" sizes=\"auto, (max-width: 1920px) 100vw, 1920px\" \/>\n<\/div>\n<\/section>\n\n\n\n<section class=\"section padding--primary\">\n<div class=\"gb-element-eef7bc1e\">\n<div class=\"gb-element-24e83edd\">\n<img loading=\"lazy\" decoding=\"async\" width=\"1280\" height=\"640\" class=\"container--height-mobile gb-media-64ff44ef\" src=\"https:\/\/schloss-schrattenthal.at\/wp-content\/uploads\/Hof-Schlosseinfahrt-Schlosskapelle.webp\" title=\"Vstupn\u00ed n\u00e1dvo\u0159\u00ed hradu - hradn\u00ed kaple\" alt=\"Ehepaar spaziert durch den Schlosshof Schrattenthal\" srcset=\"https:\/\/schloss-schrattenthal.at\/wp-content\/uploads\/Hof-Schlosseinfahrt-Schlosskapelle.webp 1280w, https:\/\/schloss-schrattenthal.at\/wp-content\/uploads\/Hof-Schlosseinfahrt-Schlosskapelle-460x230.webp 460w, https:\/\/schloss-schrattenthal.at\/wp-content\/uploads\/Hof-Schlosseinfahrt-Schlosskapelle-1024x512.webp 1024w, https:\/\/schloss-schrattenthal.at\/wp-content\/uploads\/Hof-Schlosseinfahrt-Schlosskapelle-768x384.webp 768w\" sizes=\"auto, (max-width: 1280px) 100vw, 1280px\" \/>\n<\/div>\n\n\n\n<div class=\"padding--secondary container--height-mobile gb-element-94c7257a\">\n<h2 class=\"gb-text text--white headline--h2\">Napl\u00e1nujte si svatbu sn\u016f na z\u00e1mku Schrattenthal<\/h2>\n\n\n\n<button class=\"gb-text button--primary gb-text-36421e64 hochzeit-open-modal-button\" data-gb-overlay=\"gb-overlay-37399\">Ceny a dal\u0161\u00ed informace<\/button>\n<\/div>\n<\/div>\n<\/section>\n\n\n\n<section class=\"section\">\n<div class=\"gb-element-45e6c05f\">\n<div class=\"padding--secondary container--height-mobile gb-element-263599ee\">\n<h2 class=\"gb-text text--white headline--h2 gb-text-fa77d54f\">St\u00e1tn\u00ed prostory nab\u00edzej\u00ed m\u00edsto a\u017e pro 125 osob.<\/h2>\n<\/div>\n\n\n\n<div class=\"gb-element-2d627aee\">\n<img loading=\"lazy\" decoding=\"async\" width=\"1280\" height=\"640\" class=\"container--height-mobile gb-media-446d42df\" src=\"https:\/\/schloss-schrattenthal.at\/wp-content\/uploads\/Prunksaal-Hochzeitstafel-Kronleuchter-Schloss-Schrattenthal.jpg\" title=\"St\u00e1tn\u00ed s\u00e1l - Lustr na svatebn\u00ed st\u016fl Z\u00e1mek Schrattenthal\" alt=\"Festsaal im Schloss Schrattenthal\" srcset=\"https:\/\/schloss-schrattenthal.at\/wp-content\/uploads\/Prunksaal-Hochzeitstafel-Kronleuchter-Schloss-Schrattenthal.jpg 1280w, https:\/\/schloss-schrattenthal.at\/wp-content\/uploads\/Prunksaal-Hochzeitstafel-Kronleuchter-Schloss-Schrattenthal-460x230.jpg 460w, https:\/\/schloss-schrattenthal.at\/wp-content\/uploads\/Prunksaal-Hochzeitstafel-Kronleuchter-Schloss-Schrattenthal-1024x512.jpg 1024w, https:\/\/schloss-schrattenthal.at\/wp-content\/uploads\/Prunksaal-Hochzeitstafel-Kronleuchter-Schloss-Schrattenthal-768x384.jpg 768w\" sizes=\"auto, (max-width: 1280px) 100vw, 1280px\" \/>\n<\/div>\n<\/div>\n<\/section>\n\n\n\n<section class=\"section padding--primary\">\n<div class=\"gb-element-9546a546\">\n<div class=\"gb-element-4014b270\">\n<img loading=\"lazy\" decoding=\"async\" width=\"640\" height=\"640\" class=\"container--height-mobile gb-media-23a8fc6b\" src=\"https:\/\/schloss-schrattenthal.at\/wp-content\/uploads\/Schloss-Schrattenthal-Bruecke-Zugang.jpg\" title=\"Z\u00e1mek Schrattenthal - p\u0159\u00edstup p\u0159es most\" alt=\"Vier Brautjungfern gehen einen gepflasterten Weg zu einem Schloss entlang\" srcset=\"https:\/\/schloss-schrattenthal.at\/wp-content\/uploads\/Schloss-Schrattenthal-Bruecke-Zugang.jpg 640w, https:\/\/schloss-schrattenthal.at\/wp-content\/uploads\/Schloss-Schrattenthal-Bruecke-Zugang-460x460.jpg 460w, https:\/\/schloss-schrattenthal.at\/wp-content\/uploads\/Schloss-Schrattenthal-Bruecke-Zugang-150x150.jpg 150w\" sizes=\"auto, (max-width: 640px) 100vw, 640px\" \/>\n<\/div>\n\n\n\n<div class=\"container--height-mobile gb-element-7e376470\">\n<div class=\"gb-element-f70586c5\">\n<img loading=\"lazy\" decoding=\"async\" width=\"640\" height=\"640\" class=\"container--height-mobile gb-media-63bedb0b\" src=\"https:\/\/schloss-schrattenthal.at\/wp-content\/uploads\/Schloss-Schrattenthal-Kirche.jpg\" title=\"Z\u00e1mek Schrattenthal - kostel\" alt=\"Zeremonien Ort in der Schlosskirche\" srcset=\"https:\/\/schloss-schrattenthal.at\/wp-content\/uploads\/Schloss-Schrattenthal-Kirche.jpg 640w, https:\/\/schloss-schrattenthal.at\/wp-content\/uploads\/Schloss-Schrattenthal-Kirche-460x460.jpg 460w, https:\/\/schloss-schrattenthal.at\/wp-content\/uploads\/Schloss-Schrattenthal-Kirche-150x150.jpg 150w\" sizes=\"auto, (max-width: 640px) 100vw, 640px\" \/>\n<\/div>\n\n\n\n<div class=\"gb-element-18c2c468\">\n<img loading=\"lazy\" decoding=\"async\" width=\"640\" height=\"640\" class=\"container--height-mobile gb-media-72d27072\" src=\"https:\/\/schloss-schrattenthal.at\/wp-content\/uploads\/Eingang-Schlosspark-aler-Torbogen.jpg\" title=\"Vchod-Z\u00e1mek-Spark-aler-Torbogen\" alt=\"Ehepaar posiert im Schlossgarten\" srcset=\"https:\/\/schloss-schrattenthal.at\/wp-content\/uploads\/Eingang-Schlosspark-aler-Torbogen.jpg 640w, https:\/\/schloss-schrattenthal.at\/wp-content\/uploads\/Eingang-Schlosspark-aler-Torbogen-460x460.jpg 460w, https:\/\/schloss-schrattenthal.at\/wp-content\/uploads\/Eingang-Schlosspark-aler-Torbogen-150x150.jpg 150w\" sizes=\"auto, (max-width: 640px) 100vw, 640px\" \/>\n<\/div>\n<\/div>\n<\/div>\n<\/section>\n\n\n\n<section class=\"section gb-element-3ac5e087\">\n<div class=\"gb-element-aa8334db\">\n<div class=\"padding--secondary container--height-mobile gb-element-fc2be92e\">\n<h2 class=\"gb-text text--white headline--h2 gb-text-e04e3d46\">Romantick\u00fd, elegantn\u00ed, p\u0159\u00edjemn\u00fd - z\u00e1mek Schrattenthal<\/h2>\n<\/div>\n\n\n\n<div class=\"container--height-mobile gb-element-61078ae1\">\n<button class=\"button--video load-iframe\" aria-label=\"Z\u00e1mek Schrattenthal Video\" data-src=\"https:\/\/www.youtube.com\/embed\/MC2rZr-auAY?si=SnMk11WAsFXO4gDW\"><span class=\"gb-shape\"><svg aria-hidden=\"true\" role=\"img\" height=\"1em\" width=\"1em\" viewbox=\"0 0 576 512\" xmlns=\"http:\/\/www.w3.org\/2000\/svg\"><path fill=\"currentColor\" d=\"M549.655 124.083c-6.281-23.65-24.787-42.276-48.284-48.597C458.781 64 288 64 288 64S117.22 64 74.629 75.486c-23.497 6.322-42.003 24.947-48.284 48.597-11.412 42.867-11.412 132.305-11.412 132.305s0 89.438 11.412 132.305c6.281 23.65 24.787 41.5 48.284 47.821C117.22 448 288 448 288 448s170.78 0 213.371-11.486c23.497-6.321 42.003-24.171 48.284-47.821 11.412-42.867 11.412-132.305 11.412-132.305s0-89.438-11.412-132.305zm-317.51 213.508V175.185l142.739 81.205-142.739 81.201z\"><\/path><\/svg><\/span><\/button>\n<\/div>\n<\/div>\n<\/section>","protected":false},"excerpt":{"rendered":"<p>V\u00c1\u0160 Z\u00c1MEK PRO NEJLEP\u0160\u00cd DEN VA\u0160EHO \u017dIVOTA \u017e\u00e1dn\u00ed turist\u00e9, \u017e\u00e1dn\u00ed div\u00e1ci, \u017e\u00e1dn\u00e1 policejn\u00ed hodina, naprost\u00e9 soukrom\u00ed napl\u00e1nujte si svatbu sn\u016f na z\u00e1mku Schrattenthal ceny a dal\u0161\u00ed informace reprezenta\u010dn\u00ed s\u00e1ly nab\u00edzej\u00ed m\u00edsto a\u017e pro 125 osob romantick\u00e9, elegantn\u00ed, p\u0159\u00edjemn\u00e9 - z\u00e1mek Schrattenthal<\/p>","protected":false},"author":2,"featured_media":0,"parent":0,"menu_order":0,"comment_status":"closed","ping_status":"closed","template":"","meta":{"_acf_changed":false,"footnotes":""},"class_list":["post-35474","page","type-page","status-publish"],"acf":[],"_links":{"self":[{"href":"https:\/\/schloss-schrattenthal.at\/cs\/wp-json\/wp\/v2\/pages\/35474","targetHints":{"allow":["GET"]}}],"collection":[{"href":"https:\/\/schloss-schrattenthal.at\/cs\/wp-json\/wp\/v2\/pages"}],"about":[{"href":"https:\/\/schloss-schrattenthal.at\/cs\/wp-json\/wp\/v2\/types\/page"}],"author":[{"embeddable":true,"href":"https:\/\/schloss-schrattenthal.at\/cs\/wp-json\/wp\/v2\/users\/2"}],"replies":[{"embeddable":true,"href":"https:\/\/schloss-schrattenthal.at\/cs\/wp-json\/wp\/v2\/comments?post=35474"}],"version-history":[{"count":69,"href":"https:\/\/schloss-schrattenthal.at\/cs\/wp-json\/wp\/v2\/pages\/35474\/revisions"}],"predecessor-version":[{"id":37402,"href":"https:\/\/schloss-schrattenthal.at\/cs\/wp-json\/wp\/v2\/pages\/35474\/revisions\/37402"}],"wp:attachment":[{"href":"https:\/\/schloss-schrattenthal.at\/cs\/wp-json\/wp\/v2\/media?parent=35474"}],"curies":[{"name":"wp","href":"https:\/\/api.w.org\/{rel}","templated":true}]}}