{"id":35476,"date":"2025-02-18T11:35:48","date_gmt":"2025-02-18T10:35:48","guid":{"rendered":"https:\/\/schloss-schrattenthal.at\/?page_id=35476"},"modified":"2026-04-10T10:40:07","modified_gmt":"2026-04-10T08:40:07","slug":"fuehrungen","status":"publish","type":"page","link":"https:\/\/schloss-schrattenthal.at\/cs\/fuehrungen\/","title":{"rendered":"Prohl\u00eddky"},"content":{"rendered":"<div class=\"section gb-element-bf0cca85\">\n<div class=\"gb-element-25af924f\">\n<div class=\"gb-element-4ed1eb49\">\n<div class=\"gb-element-ca825678\">\n<h1 class=\"gb-text headline--h1 gb-text-d727bc41\">PR\u016eVODCE<\/h1>\n<\/div>\n\n\n\n<div class=\"gb-element-dba542db\"><style>.kb-gallery-id-35476_e6edd2-5b .kadence-blocks-gallery-item .kb-gal-image-radius, .kb-gallery-id-35476_e6edd2-5b .kb-slide-item .kb-gal-image-radius img{border-radius:0px 0px 0px 0px;;}.kb-gallery-wrap-id-35476_e6edd2-5b.wp-block-kadence-advancedgallery{overflow:visible;}.kb-gallery-wrap-id-35476_e6edd2-5b.wp-block-kadence-advancedgallery .kt-blocks-carousel{overflow:visible;}.kb-gallery-id-35476_e6edd2-5b .splide.kt-carousel-dotstyle-outlinedark .splide__pagination__page{background-color:transparent;box-shadow:inset 0 0 0 1px #000;-webkit-transition:box-shadow 0.3s ease;-moz-transition:box-shadow 0.3s ease;transition:box-shadow 0.3s ease;}.kb-gallery-id-35476_e6edd2-5b .splide.kt-carousel-dotstyle-outlinedark .splide__pagination__page.is-active{background-color:transparent;box-shadow:inset 0 0 0 8px #000;}<\/style><div class=\"kb-gallery-wrap-id-35476_e6edd2-5b alignnone wp-block-kadence-advancedgallery\"><div class=\"kb-gallery-ul kb-gallery-non-static kb-gallery-type-slider kb-gallery-id-35476_e6edd2-5b kb-gallery-caption-style-bottom-hover kb-gallery-filter-none\" data-image-filter=\"none\" data-lightbox-caption=\"true\"><div class=\"kt-blocks-carousel splide kt-carousel-container-dotstyle-outlinedark kt-carousel-arrowstyle-whiteondark kt-carousel-dotstyle-outlinedark kb-slider-group-arrow kb-slider-arrow-position-center\" data-slider-anim-speed=\"400\" data-slider-scroll=\"1\" data-slider-arrows=\"true\" data-slider-fade=\"true\" data-slider-dots=\"true\" data-slider-type=\"slider\" data-slider-hover-pause=\"false\" data-slider-auto=\"1\" data-slider-speed=\"4000\" data-show-pause-button=\"false\"><div class=\"splide__track\"><ul class=\"kt-blocks-carousel-init kb-blocks-slider splide__list\"><li class=\"kb-slide-item kb-gallery-slide-item splide__slide\"><div class=\"kadence-blocks-gallery-item\"><div class=\"kadence-blocks-gallery-item-inner\"><figure class=\"kb-gallery-figure kadence-blocks-gallery-item-hide-caption\"><div class=\"kb-gal-image-radius\"><div class=\"kb-gallery-image-contain kadence-blocks-gallery-intrinsic kb-gallery-image-ratio-land32 kb-has-image-ratio-land32\" ><img loading=\"lazy\" decoding=\"async\" src=\"data:image\/svg+xml,%3Csvg%20xmlns='http:\/\/www.w3.org\/2000\/svg'%20viewBox='0%200%201000%20667'%3E%3C\/svg%3E\"  data-splide-lazy=\"https:\/\/schloss-schrattenthal.at\/wp-content\/uploads\/Foto-Schloss-900x600-1.jpg\" width=\"900\" height=\"600\" alt=\"Blick auf Schloss Schrattenthal und Kirche Schlosspark\" data-full-image=\"https:\/\/schloss-schrattenthal.at\/wp-content\/uploads\/Foto-Schloss-900x600-1.jpg\" data-light-image=\"https:\/\/schloss-schrattenthal.at\/wp-content\/uploads\/Foto-Schloss-900x600-1.jpg\" data-splide-lazy-srcset=\"https:\/\/schloss-schrattenthal.at\/wp-content\/uploads\/Foto-Schloss-900x600-1.jpg 900w, https:\/\/schloss-schrattenthal.at\/wp-content\/uploads\/Foto-Schloss-900x600-1-460x307.jpg 460w, https:\/\/schloss-schrattenthal.at\/wp-content\/uploads\/Foto-Schloss-900x600-1-768x512.jpg 768w\" sizes=\"auto, (max-width: 900px) 100vw, 900px\"data-id=\"35847\" class=\"wp-image-35847 skip-lazy\"\/><\/div><\/div><\/figure><\/div><\/div><\/li><li class=\"kb-slide-item kb-gallery-slide-item splide__slide\"><div class=\"kadence-blocks-gallery-item\"><div class=\"kadence-blocks-gallery-item-inner\"><figure class=\"kb-gallery-figure kadence-blocks-gallery-item-hide-caption\"><div class=\"kb-gal-image-radius\"><div class=\"kb-gallery-image-contain kadence-blocks-gallery-intrinsic kb-gallery-image-ratio-land32 kb-has-image-ratio-land32\" ><img loading=\"lazy\" decoding=\"async\" src=\"data:image\/svg+xml,%3Csvg%20xmlns='http:\/\/www.w3.org\/2000\/svg'%20viewBox='0%200%201000%20667'%3E%3C\/svg%3E\"  data-splide-lazy=\"https:\/\/schloss-schrattenthal.at\/wp-content\/uploads\/Hungerturm-Verlies-Schloss-Schuettkasten-900x600-1.jpg\" width=\"900\" height=\"600\" alt=\"Seitenansicht von Schloss Schrattenthal\" data-full-image=\"https:\/\/schloss-schrattenthal.at\/wp-content\/uploads\/Hungerturm-Verlies-Schloss-Schuettkasten-900x600-1.jpg\" data-light-image=\"https:\/\/schloss-schrattenthal.at\/wp-content\/uploads\/Hungerturm-Verlies-Schloss-Schuettkasten-900x600-1.jpg\" data-splide-lazy-srcset=\"https:\/\/schloss-schrattenthal.at\/wp-content\/uploads\/Hungerturm-Verlies-Schloss-Schuettkasten-900x600-1.jpg 900w, https:\/\/schloss-schrattenthal.at\/wp-content\/uploads\/Hungerturm-Verlies-Schloss-Schuettkasten-900x600-1-460x307.jpg 460w, https:\/\/schloss-schrattenthal.at\/wp-content\/uploads\/Hungerturm-Verlies-Schloss-Schuettkasten-900x600-1-768x512.jpg 768w\" sizes=\"auto, (max-width: 900px) 100vw, 900px\"data-id=\"35848\" class=\"wp-image-35848 skip-lazy\"\/><\/div><\/div><\/figure><\/div><\/div><\/li><li class=\"kb-slide-item kb-gallery-slide-item splide__slide\"><div class=\"kadence-blocks-gallery-item\"><div class=\"kadence-blocks-gallery-item-inner\"><figure class=\"kb-gallery-figure kadence-blocks-gallery-item-hide-caption\"><div class=\"kb-gal-image-radius\"><div class=\"kb-gallery-image-contain kadence-blocks-gallery-intrinsic kb-gallery-image-ratio-land32 kb-has-image-ratio-land32\" ><img loading=\"lazy\" decoding=\"async\" src=\"data:image\/svg+xml,%3Csvg%20xmlns='http:\/\/www.w3.org\/2000\/svg'%20viewBox='0%200%201000%20667'%3E%3C\/svg%3E\"  data-splide-lazy=\"https:\/\/schloss-schrattenthal.at\/wp-content\/uploads\/Schloss-Portal-Steinstrasse-Niederoesterreich-Schrattenthal-900x600-1.jpg\" width=\"900\" height=\"600\" alt=\"Schloss Schrattenthal - alter Gew\u00f6lbegang unter der Burg\" data-full-image=\"https:\/\/schloss-schrattenthal.at\/wp-content\/uploads\/Schloss-Portal-Steinstrasse-Niederoesterreich-Schrattenthal-900x600-1.jpg\" data-light-image=\"https:\/\/schloss-schrattenthal.at\/wp-content\/uploads\/Schloss-Portal-Steinstrasse-Niederoesterreich-Schrattenthal-900x600-1.jpg\" data-splide-lazy-srcset=\"https:\/\/schloss-schrattenthal.at\/wp-content\/uploads\/Schloss-Portal-Steinstrasse-Niederoesterreich-Schrattenthal-900x600-1.jpg 900w, https:\/\/schloss-schrattenthal.at\/wp-content\/uploads\/Schloss-Portal-Steinstrasse-Niederoesterreich-Schrattenthal-900x600-1-460x307.jpg 460w, https:\/\/schloss-schrattenthal.at\/wp-content\/uploads\/Schloss-Portal-Steinstrasse-Niederoesterreich-Schrattenthal-900x600-1-768x512.jpg 768w\" sizes=\"auto, (max-width: 900px) 100vw, 900px\"data-id=\"35849\" class=\"wp-image-35849 skip-lazy\"\/><\/div><\/div><\/figure><\/div><\/div><\/li><li class=\"kb-slide-item kb-gallery-slide-item splide__slide\"><div class=\"kadence-blocks-gallery-item\"><div class=\"kadence-blocks-gallery-item-inner\"><figure class=\"kb-gallery-figure kadence-blocks-gallery-item-hide-caption\"><div class=\"kb-gal-image-radius\"><div class=\"kb-gallery-image-contain kadence-blocks-gallery-intrinsic kb-gallery-image-ratio-land32 kb-has-image-ratio-land32\" ><img loading=\"lazy\" decoding=\"async\" src=\"data:image\/svg+xml,%3Csvg%20xmlns='http:\/\/www.w3.org\/2000\/svg'%20viewBox='0%200%201000%20667'%3E%3C\/svg%3E\"  data-splide-lazy=\"https:\/\/schloss-schrattenthal.at\/wp-content\/uploads\/Schloss-Schrattenthal-Hungertumfenster-900x600-1.jpg\" width=\"900\" height=\"600\" alt=\"Hungerturmfenster in der Schlossmauer mit Blick auf den Park\" data-full-image=\"https:\/\/schloss-schrattenthal.at\/wp-content\/uploads\/Schloss-Schrattenthal-Hungertumfenster-900x600-1.jpg\" data-light-image=\"https:\/\/schloss-schrattenthal.at\/wp-content\/uploads\/Schloss-Schrattenthal-Hungertumfenster-900x600-1.jpg\" data-splide-lazy-srcset=\"https:\/\/schloss-schrattenthal.at\/wp-content\/uploads\/Schloss-Schrattenthal-Hungertumfenster-900x600-1.jpg 900w, https:\/\/schloss-schrattenthal.at\/wp-content\/uploads\/Schloss-Schrattenthal-Hungertumfenster-900x600-1-460x307.jpg 460w, https:\/\/schloss-schrattenthal.at\/wp-content\/uploads\/Schloss-Schrattenthal-Hungertumfenster-900x600-1-768x512.jpg 768w\" sizes=\"auto, (max-width: 900px) 100vw, 900px\"data-id=\"35850\" class=\"wp-image-35850 skip-lazy\"\/><\/div><\/div><\/figure><\/div><\/div><\/li><li class=\"kb-slide-item kb-gallery-slide-item splide__slide\"><div class=\"kadence-blocks-gallery-item\"><div class=\"kadence-blocks-gallery-item-inner\"><figure class=\"kb-gallery-figure kadence-blocks-gallery-item-hide-caption\"><div class=\"kb-gal-image-radius\"><div class=\"kb-gallery-image-contain kadence-blocks-gallery-intrinsic kb-gallery-image-ratio-land32 kb-has-image-ratio-land32\" ><img loading=\"lazy\" decoding=\"async\" src=\"data:image\/svg+xml,%3Csvg%20xmlns='http:\/\/www.w3.org\/2000\/svg'%20viewBox='0%200%201000%20667'%3E%3C\/svg%3E\"  data-splide-lazy=\"https:\/\/schloss-schrattenthal.at\/wp-content\/uploads\/Schloss-Schrattenthal-Hungerturm-Bruecke-900x600-1.jpg\" width=\"900\" height=\"600\" alt=\"Schloss Schrattenthal - Hungerturm Br\u00fccke mit alten Burgmauern im Vordergrund\" data-full-image=\"https:\/\/schloss-schrattenthal.at\/wp-content\/uploads\/Schloss-Schrattenthal-Hungerturm-Bruecke-900x600-1.jpg\" data-light-image=\"https:\/\/schloss-schrattenthal.at\/wp-content\/uploads\/Schloss-Schrattenthal-Hungerturm-Bruecke-900x600-1.jpg\" data-splide-lazy-srcset=\"https:\/\/schloss-schrattenthal.at\/wp-content\/uploads\/Schloss-Schrattenthal-Hungerturm-Bruecke-900x600-1.jpg 900w, https:\/\/schloss-schrattenthal.at\/wp-content\/uploads\/Schloss-Schrattenthal-Hungerturm-Bruecke-900x600-1-460x307.jpg 460w, https:\/\/schloss-schrattenthal.at\/wp-content\/uploads\/Schloss-Schrattenthal-Hungerturm-Bruecke-900x600-1-768x512.jpg 768w\" sizes=\"auto, (max-width: 900px) 100vw, 900px\"data-id=\"35851\" class=\"wp-image-35851 skip-lazy\"\/><\/div><\/div><\/figure><\/div><\/div><\/li><li class=\"kb-slide-item kb-gallery-slide-item splide__slide\"><div class=\"kadence-blocks-gallery-item\"><div class=\"kadence-blocks-gallery-item-inner\"><figure class=\"kb-gallery-figure kadence-blocks-gallery-item-hide-caption\"><div class=\"kb-gal-image-radius\"><div class=\"kb-gallery-image-contain kadence-blocks-gallery-intrinsic kb-gallery-image-ratio-land32 kb-has-image-ratio-land32\" ><img loading=\"lazy\" decoding=\"async\" src=\"data:image\/svg+xml,%3Csvg%20xmlns='http:\/\/www.w3.org\/2000\/svg'%20viewBox='0%200%201000%20667'%3E%3C\/svg%3E\"  data-splide-lazy=\"https:\/\/schloss-schrattenthal.at\/wp-content\/uploads\/Schloss-Schrattenthal-Hussen-Hungertrum-Bruecke-900x600-1.jpg\" width=\"900\" height=\"600\" alt=\"Hungerturm an einem Sommertag - Ansicht von der Seite\" data-full-image=\"https:\/\/schloss-schrattenthal.at\/wp-content\/uploads\/Schloss-Schrattenthal-Hussen-Hungertrum-Bruecke-900x600-1.jpg\" data-light-image=\"https:\/\/schloss-schrattenthal.at\/wp-content\/uploads\/Schloss-Schrattenthal-Hussen-Hungertrum-Bruecke-900x600-1.jpg\" data-splide-lazy-srcset=\"https:\/\/schloss-schrattenthal.at\/wp-content\/uploads\/Schloss-Schrattenthal-Hussen-Hungertrum-Bruecke-900x600-1.jpg 900w, https:\/\/schloss-schrattenthal.at\/wp-content\/uploads\/Schloss-Schrattenthal-Hussen-Hungertrum-Bruecke-900x600-1-460x307.jpg 460w, https:\/\/schloss-schrattenthal.at\/wp-content\/uploads\/Schloss-Schrattenthal-Hussen-Hungertrum-Bruecke-900x600-1-768x512.jpg 768w\" sizes=\"auto, (max-width: 900px) 100vw, 900px\"data-id=\"35852\" class=\"wp-image-35852 skip-lazy\"\/><\/div><\/div><\/figure><\/div><\/div><\/li><li class=\"kb-slide-item kb-gallery-slide-item splide__slide\"><div class=\"kadence-blocks-gallery-item\"><div class=\"kadence-blocks-gallery-item-inner\"><figure class=\"kb-gallery-figure kadence-blocks-gallery-item-hide-caption\"><div class=\"kb-gal-image-radius\"><div class=\"kb-gallery-image-contain kadence-blocks-gallery-intrinsic kb-gallery-image-ratio-land32 kb-has-image-ratio-land32\" ><img loading=\"lazy\" decoding=\"async\" src=\"data:image\/svg+xml,%3Csvg%20xmlns='http:\/\/www.w3.org\/2000\/svg'%20viewBox='0%200%201000%20667'%3E%3C\/svg%3E\"  data-splide-lazy=\"https:\/\/schloss-schrattenthal.at\/wp-content\/uploads\/Schloss-Schrattenthal-Parkeingang-900x600-1.jpg\" width=\"900\" height=\"600\" alt=\"Schloss Schrattenthal - Blick auf das Geb\u00e4ude vom Park aus\" data-full-image=\"https:\/\/schloss-schrattenthal.at\/wp-content\/uploads\/Schloss-Schrattenthal-Parkeingang-900x600-1.jpg\" data-light-image=\"https:\/\/schloss-schrattenthal.at\/wp-content\/uploads\/Schloss-Schrattenthal-Parkeingang-900x600-1.jpg\" data-splide-lazy-srcset=\"https:\/\/schloss-schrattenthal.at\/wp-content\/uploads\/Schloss-Schrattenthal-Parkeingang-900x600-1.jpg 900w, https:\/\/schloss-schrattenthal.at\/wp-content\/uploads\/Schloss-Schrattenthal-Parkeingang-900x600-1-460x307.jpg 460w, https:\/\/schloss-schrattenthal.at\/wp-content\/uploads\/Schloss-Schrattenthal-Parkeingang-900x600-1-768x512.jpg 768w\" sizes=\"auto, (max-width: 900px) 100vw, 900px\"data-id=\"35853\" class=\"wp-image-35853 skip-lazy\"\/><\/div><\/div><\/figure><\/div><\/div><\/li><li class=\"kb-slide-item kb-gallery-slide-item splide__slide\"><div class=\"kadence-blocks-gallery-item\"><div class=\"kadence-blocks-gallery-item-inner\"><figure class=\"kb-gallery-figure kadence-blocks-gallery-item-hide-caption\"><div class=\"kb-gal-image-radius\"><div class=\"kb-gallery-image-contain kadence-blocks-gallery-intrinsic kb-gallery-image-ratio-land32 kb-has-image-ratio-land32\" ><img loading=\"lazy\" decoding=\"async\" src=\"data:image\/svg+xml,%3Csvg%20xmlns='http:\/\/www.w3.org\/2000\/svg'%20viewBox='0%200%201000%20667'%3E%3C\/svg%3E\"  data-splide-lazy=\"https:\/\/schloss-schrattenthal.at\/wp-content\/uploads\/Schloss-Schrattenthal-Portal-Schlosshof-900x600-1.jpg\" width=\"900\" height=\"600\" alt=\"Schloss Schrattenthal - alter Gew\u00f6lbegang unter der Burg\" data-full-image=\"https:\/\/schloss-schrattenthal.at\/wp-content\/uploads\/Schloss-Schrattenthal-Portal-Schlosshof-900x600-1.jpg\" data-light-image=\"https:\/\/schloss-schrattenthal.at\/wp-content\/uploads\/Schloss-Schrattenthal-Portal-Schlosshof-900x600-1.jpg\" data-splide-lazy-srcset=\"https:\/\/schloss-schrattenthal.at\/wp-content\/uploads\/Schloss-Schrattenthal-Portal-Schlosshof-900x600-1.jpg 900w, https:\/\/schloss-schrattenthal.at\/wp-content\/uploads\/Schloss-Schrattenthal-Portal-Schlosshof-900x600-1-460x307.jpg 460w, https:\/\/schloss-schrattenthal.at\/wp-content\/uploads\/Schloss-Schrattenthal-Portal-Schlosshof-900x600-1-768x512.jpg 768w\" sizes=\"auto, (max-width: 900px) 100vw, 900px\"data-id=\"35854\" class=\"wp-image-35854 skip-lazy\"\/><\/div><\/div><\/figure><\/div><\/div><\/li><\/ul><\/div><\/div><\/div><\/div>\n\n\n<div class=\"padding--secondary gb-element-0a7fc92f\">\n<p class=\"gb-text\">N\u00e1v\u0161t\u011bva z\u00e1mku Schrattenthal je tak\u00e9 cestou do minulosti.<\/p>\n\n\n\n<p class=\"gb-text\">Sv\u011bdky t\u011bchto dob jsou pozdn\u011b gotick\u00fd hradn\u00ed kostel, barokn\u00ed s\u00fdpka a st\u0159edov\u011bk\u00e1 hladov\u00e1 v\u011b\u017e s hladomornou. Reprezenta\u010dn\u00ed m\u00edstnosti, z\u00e1meck\u00e9 n\u00e1dvo\u0159\u00ed, park a vinn\u00fd sklep - nikdo neodol\u00e1 vzru\u0161en\u00ed.<\/p>\n\n\n\n<p class=\"gb-text gb-text-2e3b415f\">Stylov\u011b a s l\u00e1skou zrekonstruovan\u00fd z\u00e1mek Schrattenthal je jedn\u00edm z klenot\u016f regionu Weinviertel, kter\u00fd je dodnes v soukrom\u00e9m vlastnictv\u00ed.<\/p>\n<\/div>\n\n\n\n<div class=\"gb-element-5ed7240d\">\n<h2 class=\"gb-text gb-text-e36951d7\">Ceny a bal\u00ed\u010dky<\/h2>\n\n\n\n<div class=\"padding--secondary\">\n<p class=\"gb-text gb-text-c5d01e80\">Prohl\u00eddka zahrnuje n\u00e1sleduj\u00edc\u00ed n\u00e1v\u0161t\u011bvy: Prohl\u00eddka: pozdn\u011b gotick\u00fd hradn\u00ed kostel, Hungerturm, Sch\u00fcttkasten, sklepen\u00ed lisovny, prohl\u00eddka are\u00e1lu. Doba trv\u00e1n\u00ed cca 1,5 hodiny. N\u00e1sledn\u00e1 proch\u00e1zka v divok\u00e9m a romantick\u00e9m z\u00e1meck\u00e9m parku v\u00e1m umo\u017en\u00ed p\u0159em\u00fd\u0161let o tom, co jste vid\u011bli a sly\u0161eli.<\/p>\n\n\n\n<div class=\"gb-element-3110e4f1\">\n<div class=\"gb-element-310ab55c\">\n<p class=\"gb-text gb-text-e3aad7fc\">\u20ac 15,00<\/p>\n<\/div>\n\n\n\n<div>\n<p class=\"gb-text gb-text-8de184cd\">Dosp\u011bl\u00ed<\/p>\n\n\n\n<p class=\"gb-text gb-text-3a8fb01f\">Na osobu, prohl\u00eddky s pr\u016fvodcem se konaj\u00ed pouze p\u0159i minim\u00e1ln\u00edm po\u010dtu 8 \u00fa\u010dastn\u00edk\u016f nebo za pau\u0161\u00e1ln\u00ed cenu 120,-.<\/p>\n<\/div>\n\n\n\n<div class=\"gb-element-997bc1c2\">\n<p class=\"gb-text gb-text-360d6bdb\">\u20ac 9,00<\/p>\n<\/div>\n\n\n\n<div class=\"gb-element-efc24638\">\n<p class=\"gb-text gb-text-e0ea1686\">D\u011bti od 6 do 16 let<\/p>\n\n\n\n<p class=\"gb-text gb-text-42a11240\">*<\/p>\n<\/div>\n\n\n\n<div class=\"gb-element-c4dfaf82\">\n<p class=\"gb-text gb-text-d25913ea\">\u20ac 9,00<\/p>\n<\/div>\n\n\n\n<div class=\"gb-element-75d8876e\">\n<p class=\"gb-text gb-text-3e68e2f5\">Studenti<\/p>\n\n\n\n<p class=\"gb-text gb-text-3f954b76\">*<\/p>\n<\/div>\n\n\n\n<div class=\"gb-element-cb14b9c7\">\n<p class=\"gb-text gb-text-87a9eb21\">\u20ac 13,00<\/p>\n<\/div>\n\n\n\n<div class=\"gb-element-2706ed03\">\n<p class=\"gb-text gb-text-2c89e303\">Skupiny 20 a v\u00edce osob<\/p>\n\n\n\n<p class=\"gb-text gb-text-ed184a7f\">*<\/p>\n<\/div>\n\n\n\n<div class=\"gb-element-5108d0d2\">\n<p class=\"gb-text gb-text-80e9ceff\">\u20ac 19,00 \/ 21,00<\/p>\n<\/div>\n\n\n\n<div class=\"gb-element-0b54bc5f\">\n<p class=\"gb-text gb-text-70676136\">Prohl\u00eddka s pr\u016fvodcem a recepce se \u0161ampa\u0148sk\u00fdm<\/p>\n\n\n\n<p class=\"gb-text gb-text-c4fee870\">*<\/p>\n<\/div>\n\n\n\n<div class=\"gb-element-13d050f5\">\n<p class=\"gb-text gb-text-789663c7\">\u20ac 45,00<\/p>\n<\/div>\n\n\n\n<div class=\"gb-element-c98d5201\">\n<p class=\"gb-text gb-text-3a43b6db\">Prohl\u00eddka s pr\u016fvodcem a sn\u00eddan\u011b<\/p>\n\n\n\n<p class=\"gb-text gb-text-56c6a2f3\">*<\/p>\n<\/div>\n\n\n\n<div class=\"gb-element-202fda05\">\n<p class=\"gb-text gb-text-94713357\">na vy\u017e\u00e1d\u00e1n\u00ed<\/p>\n<\/div>\n\n\n\n<div>\n<p class=\"gb-text gb-text-4a157114\">Prohl\u00eddka s pr\u016fvodcem a ve\u010de\u0159e<\/p>\n<\/div>\n\n\n\n<div class=\"gb-element-f6b78310\">\n<p class=\"gb-text gb-text-f6420754\">\u20ac 4,00<\/p>\n<\/div>\n\n\n\n<div>\n<p class=\"gb-text gb-text-3b12b23c\">Cena vstupn\u00e9ho bez prohl\u00eddky s pr\u016fvodcem<\/p>\n\n\n\n<p class=\"gb-text gb-text-56872010\">Skupiny mo\u017en\u00e9 pouze s pr\u016fvodcem<\/p>\n<\/div>\n\n\n\n<div class=\"gb-element-c8b6c7ea\">\n<p class=\"gb-text gb-text-5685562e\">\u20ac 15,00<\/p>\n<\/div>\n\n\n\n<div class=\"gb-element-abba7158\">\n<p class=\"gb-text gb-text-8f6de62a\">SPECI\u00c1L: Varhany, na kter\u00e9 m\u016f\u017eete hr\u00e1t sami<\/p>\n\n\n\n<p class=\"gb-text gb-text-be2a6e54\">V\u017edycky jste si cht\u011bli vyzkou\u0161et varhany a zahr\u00e1t si na n\u011b? Rezervujte si sv\u016fj osobn\u00ed z\u00e1\u017eitek s varhanami v z\u00e1meck\u00e9m kostele pr\u00e1v\u011b te\u010f! Cena za 1,5 hod.<\/p>\n<\/div>\n<\/div>\n\n\n\n<div class=\"gb-element-c4f72263\">\n<p class=\"gb-text gb-text-9b2492c8\">* Ceny jsou uvedeny za osobu<\/p>\n<\/div>\n<\/div>\n<\/div>\n\n\n\n<div class=\"gb-element-96db5e30\">\n<div class=\"gb-element-7eb8d9d3\">\n<img loading=\"lazy\" decoding=\"async\" width=\"640\" height=\"640\" class=\"gb-media-937f252f\" src=\"https:\/\/schloss-schrattenthal.at\/wp-content\/uploads\/Wappen-Putz-von-Adlersthurm-Schloss-Schrattenthal.jpg\" title=\"Erb - Putz von Adlersthurm - z\u00e1mek SchrattenthalPutz von Adlersthurm - z\u00e1mek Schrattenthal\" alt=\"Wappen Putz von Adlersthurm - Schloss Schrattenthal\" srcset=\"https:\/\/schloss-schrattenthal.at\/wp-content\/uploads\/Wappen-Putz-von-Adlersthurm-Schloss-Schrattenthal.jpg 640w, https:\/\/schloss-schrattenthal.at\/wp-content\/uploads\/Wappen-Putz-von-Adlersthurm-Schloss-Schrattenthal-460x460.jpg 460w, https:\/\/schloss-schrattenthal.at\/wp-content\/uploads\/Wappen-Putz-von-Adlersthurm-Schloss-Schrattenthal-150x150.jpg 150w\" sizes=\"auto, (max-width: 640px) 100vw, 640px\" \/>\n<\/div>\n\n\n\n<div class=\"padding--secondary gb-element-cedeac30\">\n<h2 class=\"gb-text headline--h2 gb-text-21b487ad\">Rezervujte si prohl\u00eddku s pr\u016fvodcem<\/h2>\n\n\n\n<a class=\"gb-text button--primary-rewerse\" href=\"\/cs\/kontakt\/\">V\u00e1\u0161 dotaz<\/a>\n\n\n\n<div class=\"gb-element-78cd9e56\">\n<p class=\"gb-text\">R\u00e1di v\u00e1m porad\u00edme a po\u017e\u00e1d\u00e1me v\u00e1s o telefonick\u00fd dotaz nebo sjedn\u00e1n\u00ed sch\u016fzky:<\/p>\n\n\n\n<div class=\"gb-element-458d5f57\">\n<div class=\"gb-element-30c9205d\">\n<p class=\"gb-text gb-text-0fb3d036\">Brigitte Schubert:<\/p>\n\n\n\n<p class=\"gb-text gb-text-950184c4\"><a href=\"tel:+4369911874464\" target=\"_blank\" rel=\"noreferrer noopener\">+43 699 118 74 464&nbsp;<\/a><\/p>\n<\/div>\n\n\n\n<div class=\"gb-element-c54b0b61\">\n<p class=\"gb-text gb-text-1c65a36f\">Inspektorka Andrea Schubertov\u00e1:<\/p>\n\n\n\n<p class=\"gb-text gb-text-ecdc8ee5\"><a href=\"tel:+4369910288072\" target=\"_blank\" rel=\"noreferrer noopener\">+43 699 102 88 072<\/a><\/p>\n<\/div>\n<\/div>\n<\/div>\n<\/div>\n<\/div>\n<\/div>\n<\/div>\n<\/div>\n<\/div>","protected":false},"excerpt":{"rendered":"<p>Prohl\u00eddky s pr\u016fvodcem N\u00e1v\u0161t\u011bva z\u00e1mku Schrattenthal je z\u00e1rove\u0148 cestou do minulosti. Pozdn\u011b gotick\u00fd hradn\u00ed kostel, barokn\u00ed s\u00fdpka a st\u0159edov\u011bk\u00e1 hladov\u00e1 v\u011b\u017e s hladomornou jsou sv\u011bdky t\u011bchto dob. Reprezenta\u010dn\u00ed m\u00edstnosti, z\u00e1meck\u00e9 n\u00e1dvo\u0159\u00ed, park a vinn\u00fd sklep - nikdo nem\u016f\u017ee neb\u00fdt nad\u0161en. Stylov\u011b a s l\u00e1skou zrekonstruovan\u00fd z\u00e1mek Schrattenthal je jedn\u00edm z mnoha soukrom\u00fdch z\u00e1mk\u016f, kter\u00e9 jsou st\u00e1le je\u0161t\u011b ... <a title=\"Prohl\u00eddky\" class=\"read-more\" href=\"https:\/\/schloss-schrattenthal.at\/cs\/fuehrungen\/\" aria-label=\"\u010c\u00edst v\u00edce o prohl\u00eddk\u00e1ch s pr\u016fvodcem\">P\u0159e\u010dt\u011bte si v\u00edce<\/a><\/p>","protected":false},"author":2,"featured_media":0,"parent":0,"menu_order":0,"comment_status":"closed","ping_status":"closed","template":"","meta":{"_acf_changed":false,"footnotes":""},"class_list":["post-35476","page","type-page","status-publish"],"acf":[],"_links":{"self":[{"href":"https:\/\/schloss-schrattenthal.at\/cs\/wp-json\/wp\/v2\/pages\/35476","targetHints":{"allow":["GET"]}}],"collection":[{"href":"https:\/\/schloss-schrattenthal.at\/cs\/wp-json\/wp\/v2\/pages"}],"about":[{"href":"https:\/\/schloss-schrattenthal.at\/cs\/wp-json\/wp\/v2\/types\/page"}],"author":[{"embeddable":true,"href":"https:\/\/schloss-schrattenthal.at\/cs\/wp-json\/wp\/v2\/users\/2"}],"replies":[{"embeddable":true,"href":"https:\/\/schloss-schrattenthal.at\/cs\/wp-json\/wp\/v2\/comments?post=35476"}],"version-history":[{"count":93,"href":"https:\/\/schloss-schrattenthal.at\/cs\/wp-json\/wp\/v2\/pages\/35476\/revisions"}],"predecessor-version":[{"id":37072,"href":"https:\/\/schloss-schrattenthal.at\/cs\/wp-json\/wp\/v2\/pages\/35476\/revisions\/37072"}],"wp:attachment":[{"href":"https:\/\/schloss-schrattenthal.at\/cs\/wp-json\/wp\/v2\/media?parent=35476"}],"curies":[{"name":"wp","href":"https:\/\/api.w.org\/{rel}","templated":true}]}}