{"id":35481,"date":"2025-02-18T11:38:27","date_gmt":"2025-02-18T10:38:27","guid":{"rendered":"https:\/\/schloss-schrattenthal.at\/?page_id=35481"},"modified":"2026-04-10T10:40:07","modified_gmt":"2026-04-10T08:40:07","slug":"foto-filmlocation","status":"publish","type":"page","link":"https:\/\/schloss-schrattenthal.at\/cs\/foto-filmlocation\/","title":{"rendered":"Um\u00edst\u011bn\u00ed fotografie\/filmu"},"content":{"rendered":"<div class=\"section gb-element-bf0cca85\">\n<div class=\"gb-element-25af924f\">\n<div class=\"gb-element-4ed1eb49\">\n<div class=\"gb-element-fac0db24\">\n<h1 class=\"gb-text headline--h1 gb-text-d727bc41\">Foto-\/<wbr>M\u00edsto nat\u00e1\u010den\u00ed<\/h1>\n<\/div>\n\n\n\n<div class=\"container--height-mobile gb-element-fcbdaeb5\">\n<button class=\"button--video load-iframe\" aria-label=\"Z\u00e1mek Schrattenthal Video\" data-src=\"https:\/\/www.youtube.com\/embed\/ZC391GJlmDo?si=5InElc3S8TczuNlQ\"><span class=\"gb-shape\"><svg aria-hidden=\"true\" role=\"img\" height=\"1em\" width=\"1em\" viewbox=\"0 0 576 512\" xmlns=\"http:\/\/www.w3.org\/2000\/svg\"><path fill=\"currentColor\" d=\"M549.655 124.083c-6.281-23.65-24.787-42.276-48.284-48.597C458.781 64 288 64 288 64S117.22 64 74.629 75.486c-23.497 6.322-42.003 24.947-48.284 48.597-11.412 42.867-11.412 132.305-11.412 132.305s0 89.438 11.412 132.305c6.281 23.65 24.787 41.5 48.284 47.821C117.22 448 288 448 288 448s170.78 0 213.371-11.486c23.497-6.321 42.003-24.171 48.284-47.821 11.412-42.867 11.412-132.305 11.412-132.305s0-89.438-11.412-132.305zm-317.51 213.508V175.185l142.739 81.205-142.739 81.201z\"><\/path><\/svg><\/span><\/button>\n<\/div>\n\n\n\n<div class=\"padding--secondary gb-element-dba542db\">\n<p class=\"gb-text\">Z\u00e1mek Schrattenthal s divok\u00fdm a romantick\u00fdm parkem uprost\u0159ed idylick\u00e9ho regionu Weinviertel nab\u00edz\u00ed m\u00edsto s mnoha motivy. Star\u00e9 zdi vyza\u0159uj\u00ed atmosf\u00e9ru minulosti, z\u00e1meck\u00fd park je ide\u00e1ln\u00edm motivem pro fotografie zamilovan\u00fdch p\u00e1r\u016f nebo poh\u00e1dky.  Hungerturm je monument\u00e1ln\u00ed okrouhl\u00e1 v\u011b\u017e s hladomornou a zdmi siln\u00fdmi p\u0159es 5 metr\u016f.<\/p>\n\n\n\n<p class=\"gb-text gb-text-ed9bc42a\">Pod\u00edvejte se a objevte ide\u00e1ln\u00ed m\u00edsto pro fotografie a filmy.&nbsp;<\/p>\n<\/div>\n\n\n\n<div class=\"padding--secondary container--height-mobile gb-element-09a47499\">\n<p class=\"gb-text\">T\u011b\u0161\u00edme se na va\u0161i popt\u00e1vku. M\u016f\u017eete n\u00e1m tak\u00e9 p\u0159edem zavolat:<\/p>\n\n\n\n<div class=\"gb-element-99a5b3cd\">\n<p class=\"gb-text gb-text-9349ede9\">Inspektorka Andrea Schubertov\u00e1:<\/p>\n\n\n\n<p class=\"gb-text\"><a href=\"tel:+4369910288072\" target=\"_blank\" rel=\"noreferrer noopener\">+43 699 102 88 072<\/a><\/p>\n<\/div>\n\n\n\n<a class=\"gb-text button--primary gb-text-e0356644\" href=\"\/cs\/kontakt\/\">Popt\u00e1vka na um\u00edst\u011bn\u00ed fotografie\/filmu<\/a>\n<\/div>\n<\/div>\n<\/div>\n<\/div>","protected":false},"excerpt":{"rendered":"<p>Foto\/film Z\u00e1mek Schrattenthal se sv\u00fdm divoce romantick\u00fdm parkem uprost\u0159ed idylick\u00e9 krajiny Weinviertelu nab\u00edz\u00ed m\u00edsto s mnoha motivy. Star\u00e9 zdi vyza\u0159uj\u00ed atmosf\u00e9ru minulosti, z\u00e1meck\u00fd park je ide\u00e1ln\u00edm motivem pro focen\u00ed zamilovan\u00fdch p\u00e1r\u016f nebo poh\u00e1dek.  Hungerturm je monument\u00e1ln\u00ed okrouhl\u00e1 v\u011b\u017e s hladomornou a zdmi siln\u00fdmi p\u0159es 5 metr\u016f. Pod\u00edvejte se do n\u00ed ... <a title=\"Um\u00edst\u011bn\u00ed fotografie\/filmu\" class=\"read-more\" href=\"https:\/\/schloss-schrattenthal.at\/cs\/foto-filmlocation\/\" aria-label=\"\u010c\u00edst v\u00edce o um\u00edst\u011bn\u00ed fotografie\/filmu\">P\u0159e\u010dt\u011bte si v\u00edce<\/a><\/p>","protected":false},"author":2,"featured_media":0,"parent":0,"menu_order":0,"comment_status":"closed","ping_status":"closed","template":"","meta":{"_acf_changed":false,"footnotes":""},"class_list":["post-35481","page","type-page","status-publish"],"acf":[],"_links":{"self":[{"href":"https:\/\/schloss-schrattenthal.at\/cs\/wp-json\/wp\/v2\/pages\/35481","targetHints":{"allow":["GET"]}}],"collection":[{"href":"https:\/\/schloss-schrattenthal.at\/cs\/wp-json\/wp\/v2\/pages"}],"about":[{"href":"https:\/\/schloss-schrattenthal.at\/cs\/wp-json\/wp\/v2\/types\/page"}],"author":[{"embeddable":true,"href":"https:\/\/schloss-schrattenthal.at\/cs\/wp-json\/wp\/v2\/users\/2"}],"replies":[{"embeddable":true,"href":"https:\/\/schloss-schrattenthal.at\/cs\/wp-json\/wp\/v2\/comments?post=35481"}],"version-history":[{"count":25,"href":"https:\/\/schloss-schrattenthal.at\/cs\/wp-json\/wp\/v2\/pages\/35481\/revisions"}],"predecessor-version":[{"id":36856,"href":"https:\/\/schloss-schrattenthal.at\/cs\/wp-json\/wp\/v2\/pages\/35481\/revisions\/36856"}],"wp:attachment":[{"href":"https:\/\/schloss-schrattenthal.at\/cs\/wp-json\/wp\/v2\/media?parent=35481"}],"curies":[{"name":"wp","href":"https:\/\/api.w.org\/{rel}","templated":true}]}}