{"id":35483,"date":"2025-02-18T11:38:44","date_gmt":"2025-02-18T10:38:44","guid":{"rendered":"https:\/\/schloss-schrattenthal.at\/?page_id=35483"},"modified":"2026-04-10T10:40:08","modified_gmt":"2026-04-10T08:40:08","slug":"unsere-events","status":"publish","type":"page","link":"https:\/\/schloss-schrattenthal.at\/cs\/unsere-events\/","title":{"rendered":"Na\u0161e akce"},"content":{"rendered":"<div class=\"section gb-element-0dc8c1bf\">\n<div class=\"gb-element-0f781a40\">\n<div class=\"gb-element-4ed1eb49\">\n<div class=\"gb-element-ca825678\">\n<h1 class=\"gb-text headline--h1 gb-text-d727bc41\">Na\u0161e akce<\/h1>\n<\/div>\n\n\n\n<div>\n<h2 class=\"gb-text gb-text-737ca756\">Nadch\u00e1zej\u00edc\u00ed ud\u00e1losti - rok 2025<\/h2>\n\n\n\n<div class=\"order-by-date\"><div >\n<div class=\"gb-loop-item gb-loop-item-00513217 post-35576 post type-post status-publish format-standard has-post-thumbnail hentry category-events category-startseite-event\">\n<div class=\"gb-element-a44e9e18\">\n<div class=\"gb-element-b613a0da\">\n<div class=\"gb-element-ffda21bb\">\n\n<\/div>\n\n\n\n<h3 class=\"gb-text gb-text-8f7b5e1d\">Levandulov\u00e1 slavnost v z\u00e1meck\u00e9 zahrad\u011b<\/h3>\n\n\n\n\n\n<a class=\"gb-text button--secondary\" href=\"https:\/\/schloss-schrattenthal.at\/cs\/lavendelfest-in-der-schlossallee-am05-06-juli-2025\/\">P\u0159e\u010dt\u011bte si v\u00edce<\/a>\n<\/div>\n\n\n\n<div class=\"gb-element-2a16f2bf\">\n<img loading=\"lazy\" decoding=\"async\" width=\"1620\" height=\"1000\" alt=\"eine Frau mit zwei Kindern geht durch ein Lavendelfeld\" data-media-id=\"36617\" class=\"gb-media-e221047f\" src=\"https:\/\/schloss-schrattenthal.at\/wp-content\/uploads\/Lavenderfest-in-der-Schlossallee.webp\" srcset=\"https:\/\/schloss-schrattenthal.at\/wp-content\/uploads\/Lavenderfest-in-der-Schlossallee.webp 1620w, https:\/\/schloss-schrattenthal.at\/wp-content\/uploads\/Lavenderfest-in-der-Schlossallee-460x284.webp 460w, https:\/\/schloss-schrattenthal.at\/wp-content\/uploads\/Lavenderfest-in-der-Schlossallee-1024x632.webp 1024w, https:\/\/schloss-schrattenthal.at\/wp-content\/uploads\/Lavenderfest-in-der-Schlossallee-768x474.webp 768w, https:\/\/schloss-schrattenthal.at\/wp-content\/uploads\/Lavenderfest-in-der-Schlossallee-1536x948.webp 1536w\" sizes=\"auto, (max-width: 1620px) 100vw, 1620px\" \/>\n<\/div>\n<\/div>\n<\/div>\n\n<div class=\"gb-loop-item gb-loop-item-00513217 post-37395 post type-post status-publish format-standard has-post-thumbnail hentry category-events\">\n<div class=\"gb-element-a44e9e18\">\n<div class=\"gb-element-b613a0da\">\n<div class=\"gb-element-ffda21bb\">\n\n<\/div>\n\n\n\n<h3 class=\"gb-text gb-text-8f7b5e1d\">Koncert p\u0159i sv\u00ed\u010dk\u00e1ch - chor\u00e1ly p\u0159i sv\u00ed\u010dk\u00e1ch<\/h3>\n\n\n\n\n\n<a class=\"gb-text button--secondary\" href=\"https:\/\/schloss-schrattenthal.at\/cs\/kerzenlichtkonzert-choraele-bei-kerzenlicht\/\">P\u0159e\u010dt\u011bte si v\u00edce<\/a>\n<\/div>\n\n\n\n<div class=\"gb-element-2a16f2bf\">\n<img loading=\"lazy\" decoding=\"async\" width=\"1000\" height=\"1000\" alt=\"\" data-media-id=\"36993\" class=\"gb-media-e221047f\" src=\"https:\/\/schloss-schrattenthal.at\/wp-content\/uploads\/Schloss-Schrattenthal-Kerzenlichtkonzert-2025-mit-Rainer-Kuechl.webp\" srcset=\"https:\/\/schloss-schrattenthal.at\/wp-content\/uploads\/Schloss-Schrattenthal-Kerzenlichtkonzert-2025-mit-Rainer-Kuechl.webp 1000w, https:\/\/schloss-schrattenthal.at\/wp-content\/uploads\/Schloss-Schrattenthal-Kerzenlichtkonzert-2025-mit-Rainer-Kuechl-640x640.webp 640w, https:\/\/schloss-schrattenthal.at\/wp-content\/uploads\/Schloss-Schrattenthal-Kerzenlichtkonzert-2025-mit-Rainer-Kuechl-250x250.webp 250w, https:\/\/schloss-schrattenthal.at\/wp-content\/uploads\/Schloss-Schrattenthal-Kerzenlichtkonzert-2025-mit-Rainer-Kuechl-768x768.webp 768w\" sizes=\"auto, (max-width: 1000px) 100vw, 1000px\" \/>\n<\/div>\n<\/div>\n<\/div>\n\n<div class=\"gb-loop-item gb-loop-item-00513217 post-36085 post type-post status-publish format-standard has-post-thumbnail hentry category-events\">\n<div class=\"gb-element-a44e9e18\">\n<div class=\"gb-element-b613a0da\">\n<div class=\"gb-element-ffda21bb\">\n\n<\/div>\n\n\n\n<h3 class=\"gb-text gb-text-8f7b5e1d\">Time Art Festival<\/h3>\n\n\n\n\n\n<a class=\"gb-text button--secondary\" href=\"https:\/\/schloss-schrattenthal.at\/cs\/zeitkunstfestival\/\">P\u0159e\u010dt\u011bte si v\u00edce<\/a>\n<\/div>\n\n\n\n<div class=\"gb-element-2a16f2bf\">\n<img loading=\"lazy\" decoding=\"async\" width=\"1000\" height=\"1000\" alt=\"Schloss Schrattenthal - Zeitkunstfestival - Programm-2025\" data-media-id=\"36213\" class=\"gb-media-e221047f\" src=\"https:\/\/schloss-schrattenthal.at\/wp-content\/uploads\/Schloss-Schrattenthal-Zeitkunstfestival-Programm-2025.webp\" srcset=\"https:\/\/schloss-schrattenthal.at\/wp-content\/uploads\/Schloss-Schrattenthal-Zeitkunstfestival-Programm-2025.webp 1000w, https:\/\/schloss-schrattenthal.at\/wp-content\/uploads\/Schloss-Schrattenthal-Zeitkunstfestival-Programm-2025-460x460.webp 460w, https:\/\/schloss-schrattenthal.at\/wp-content\/uploads\/Schloss-Schrattenthal-Zeitkunstfestival-Programm-2025-150x150.webp 150w, https:\/\/schloss-schrattenthal.at\/wp-content\/uploads\/Schloss-Schrattenthal-Zeitkunstfestival-Programm-2025-768x768.webp 768w\" sizes=\"auto, (max-width: 1000px) 100vw, 1000px\" \/>\n<\/div>\n<\/div>\n<\/div>\n\n<div class=\"gb-loop-item gb-loop-item-00513217 post-36087 post type-post status-publish format-standard has-post-thumbnail hentry category-events\">\n<div class=\"gb-element-a44e9e18\">\n<div class=\"gb-element-b613a0da\">\n<div class=\"gb-element-ffda21bb\">\n\n<\/div>\n\n\n\n<h3 class=\"gb-text gb-text-8f7b5e1d\">Koncert p\u0159i sv\u00ed\u010dk\u00e1ch<\/h3>\n\n\n\n\n\n<a class=\"gb-text button--secondary\" href=\"https:\/\/schloss-schrattenthal.at\/cs\/kerzenlichtkonzert\/\">P\u0159e\u010dt\u011bte si v\u00edce<\/a>\n<\/div>\n\n\n\n<div class=\"gb-element-2a16f2bf\">\n<img loading=\"lazy\" decoding=\"async\" width=\"1000\" height=\"1000\" alt=\"Schloss Schrattenthal - Kerzenlichtkonzert-2025\" data-media-id=\"36212\" class=\"gb-media-e221047f\" src=\"https:\/\/schloss-schrattenthal.at\/wp-content\/uploads\/Schloss-Schrattenthal-Kerzenlichtkonzert-2025.webp\" srcset=\"https:\/\/schloss-schrattenthal.at\/wp-content\/uploads\/Schloss-Schrattenthal-Kerzenlichtkonzert-2025.webp 1000w, https:\/\/schloss-schrattenthal.at\/wp-content\/uploads\/Schloss-Schrattenthal-Kerzenlichtkonzert-2025-640x640.webp 640w, https:\/\/schloss-schrattenthal.at\/wp-content\/uploads\/Schloss-Schrattenthal-Kerzenlichtkonzert-2025-250x250.webp 250w, https:\/\/schloss-schrattenthal.at\/wp-content\/uploads\/Schloss-Schrattenthal-Kerzenlichtkonzert-2025-768x768.webp 768w\" sizes=\"auto, (max-width: 1000px) 100vw, 1000px\" \/>\n<\/div>\n<\/div>\n<\/div>\n<\/div><\/div>\n<\/div>\n<\/div>\n<\/div>\n<\/div>","protected":false},"excerpt":{"rendered":"<p>Na\u0161e akce Nadch\u00e1zej\u00edc\u00ed akce - 2025 Year<\/p>","protected":false},"author":2,"featured_media":0,"parent":0,"menu_order":0,"comment_status":"closed","ping_status":"closed","template":"","meta":{"_acf_changed":false,"footnotes":""},"class_list":["post-35483","page","type-page","status-publish"],"acf":[],"_links":{"self":[{"href":"https:\/\/schloss-schrattenthal.at\/cs\/wp-json\/wp\/v2\/pages\/35483","targetHints":{"allow":["GET"]}}],"collection":[{"href":"https:\/\/schloss-schrattenthal.at\/cs\/wp-json\/wp\/v2\/pages"}],"about":[{"href":"https:\/\/schloss-schrattenthal.at\/cs\/wp-json\/wp\/v2\/types\/page"}],"author":[{"embeddable":true,"href":"https:\/\/schloss-schrattenthal.at\/cs\/wp-json\/wp\/v2\/users\/2"}],"replies":[{"embeddable":true,"href":"https:\/\/schloss-schrattenthal.at\/cs\/wp-json\/wp\/v2\/comments?post=35483"}],"version-history":[{"count":91,"href":"https:\/\/schloss-schrattenthal.at\/cs\/wp-json\/wp\/v2\/pages\/35483\/revisions"}],"predecessor-version":[{"id":37377,"href":"https:\/\/schloss-schrattenthal.at\/cs\/wp-json\/wp\/v2\/pages\/35483\/revisions\/37377"}],"wp:attachment":[{"href":"https:\/\/schloss-schrattenthal.at\/cs\/wp-json\/wp\/v2\/media?parent=35483"}],"curies":[{"name":"wp","href":"https:\/\/api.w.org\/{rel}","templated":true}]}}