{"id":36105,"date":"2025-02-21T14:08:43","date_gmt":"2025-02-21T13:08:43","guid":{"rendered":"https:\/\/schloss-schrattenthal.at\/?page_id=36105"},"modified":"2026-04-10T10:40:08","modified_gmt":"2026-04-10T08:40:08","slug":"kirschbauminfo","status":"publish","type":"page","link":"https:\/\/schloss-schrattenthal.at\/cs\/kirschengarten\/kirschbauminfo\/","title":{"rendered":"Informace o t\u0159e\u0161ni"},"content":{"rendered":"<div class=\"section gb-element-cf6e0896\">\n<div class=\"gb-element-0ba1efc7\">\n<div class=\"gb-element-cd6e92de\">\n<div class=\"gb-element-089fa6d8\"><\/div>\n\n\n\n<div class=\"gb-element-3df188ce\">\n<div class=\"padding--secondary container--height-mobile gb-element-94bfd98e\">\n<h1 class=\"gb-text headline--h1 gb-text-844676a4\">S v\u00e1\u0161n\u00ed a l\u00e1skou<\/h1>\n\n\n\n<p class=\"gb-text gb-text-615f9591\">U\u017e\u00edvejte si p\u0159\u00edrodu, \u017eijte tradice, rozd\u00e1vejte radost<\/p>\n<\/div>\n\n\n\n<div class=\"gb-element-5c9bea0c\">\n<img loading=\"lazy\" decoding=\"async\" width=\"1200\" height=\"980\" class=\"gb-media-d9f378b2\" src=\"https:\/\/schloss-schrattenthal.at\/wp-content\/uploads\/Kirschenfee-Andrea-Schubert-Schloss-Schrattenthal.webp\" title=\"T\u0159e\u0161\u0148ov\u00e1 v\u00edla Andrea Schubert - Z\u00e1mek Schrattenthal\" alt=\"Andrea Schubert - Landschaftsarchitektin und Kirschenfee\" srcset=\"https:\/\/schloss-schrattenthal.at\/wp-content\/uploads\/Kirschenfee-Andrea-Schubert-Schloss-Schrattenthal.webp 1200w, https:\/\/schloss-schrattenthal.at\/wp-content\/uploads\/Kirschenfee-Andrea-Schubert-Schloss-Schrattenthal-460x376.webp 460w, https:\/\/schloss-schrattenthal.at\/wp-content\/uploads\/Kirschenfee-Andrea-Schubert-Schloss-Schrattenthal-1024x836.webp 1024w, https:\/\/schloss-schrattenthal.at\/wp-content\/uploads\/Kirschenfee-Andrea-Schubert-Schloss-Schrattenthal-768x627.webp 768w\" sizes=\"auto, (max-width: 1200px) 100vw, 1200px\" \/>\n\n\n\n<div class=\"gb-element-3a0083c7\">\n<p class=\"gb-text gb-text-37a61d41\">Andrea Schubertov\u00e1<\/p>\n\n\n\n<p class=\"gb-text gb-text-96a76b8d\">Zahradn\u00ed architekt a t\u0159e\u0161\u0148ov\u00e1 v\u00edla<\/p>\n<\/div>\n<\/div>\n<\/div>\n\n\n\n<div class=\"gb-element-83205b8d\">\n<div class=\"padding--secondary gb-element-e06de946\">\n<h2 class=\"gb-text headline--h1 gb-text-a27b04f3\">Co stoj\u00ed za projektem?<\/h2>\n\n\n\n<p class=\"gb-text gb-text-ef7a9b10\">Odneste si v \u010dervnu celou \u00farodu vlastn\u00edho stromu dom\u016f a podpo\u0159te tak ochranu krajiny. T\u0159e\u0161\u0148ov\u00fd sad o rozloze 35 000 m\u00b2 si m\u016f\u017eete vychutnat kdykoli b\u011bhem roku, ale 1770 strom\u016f je obzvl\u00e1\u0161t\u011b p\u016fsobiv\u00fdch v dubnu, kdy kvetou. Unikn\u011bte ka\u017edodenn\u00ed rutin\u011b a sta\u0148te se sponzorem stromu, abyste za\u017eili tuto p\u0159\u00edrodn\u00ed pod\u00edvanou.<\/p>\n<\/div>\n\n\n\n<div class=\"padding--secondary gb-element-1382a4cf\">\n<p class=\"gb-text gb-text-c8de2a02\">Pouze s <strong>\u20ac45,-<\/strong> ro\u010dn\u011b m\u016f\u017eete sponzorovat strom a j\u00e1 se budu o t\u0159e\u0161\u0148ov\u00fd sad starat a udr\u017eovat ho.<\/p>\n\n\n\n<a class=\"gb-text button--primary gb-text-52f62cab\" href=\"\/cs\/kontakt\/\">K t\u0159e\u0161ni info<\/a>\n<\/div>\n<\/div>\n\n\n\n<div class=\"gb-element-57735b21\">\n<div class=\"gb-element-a3619084\">\n<img loading=\"lazy\" decoding=\"async\" width=\"1281\" height=\"1920\" class=\"container--height-mobile gb-media-a64529c0\" src=\"https:\/\/schloss-schrattenthal.at\/wp-content\/uploads\/Einkochen-Kirschen-selbst-gepflueckt-Kirschgarten.jpg\" title=\"Konzervov\u00e1n\u00ed doma nasb\u00edran\u00fdch t\u0159e\u0161n\u00ed T\u0159e\u0161\u0148ov\u00fd sad\" alt=\"Einkochen Kirschen selbst gepfl\u00fcckt im Kirschgarten\" srcset=\"https:\/\/schloss-schrattenthal.at\/wp-content\/uploads\/Einkochen-Kirschen-selbst-gepflueckt-Kirschgarten.jpg 1281w, https:\/\/schloss-schrattenthal.at\/wp-content\/uploads\/Einkochen-Kirschen-selbst-gepflueckt-Kirschgarten-307x460.jpg 307w, https:\/\/schloss-schrattenthal.at\/wp-content\/uploads\/Einkochen-Kirschen-selbst-gepflueckt-Kirschgarten-683x1024.jpg 683w, https:\/\/schloss-schrattenthal.at\/wp-content\/uploads\/Einkochen-Kirschen-selbst-gepflueckt-Kirschgarten-768x1151.jpg 768w, https:\/\/schloss-schrattenthal.at\/wp-content\/uploads\/Einkochen-Kirschen-selbst-gepflueckt-Kirschgarten-1025x1536.jpg 1025w\" sizes=\"auto, (max-width: 1281px) 100vw, 1281px\" \/>\n\n\n\n<div class=\"padding--secondary gb-element-d411ef81\">\n<p class=\"gb-text gb-text-833df695\">Lahodn\u00e9 v\u00fdrobky z na\u0161ich t\u0159e\u0161n\u00ed:<\/p>\n\n\n\n<p class=\"gb-text gb-text-23eaa354\"><strong>Kirsch' ocet 200ml \u00e0 9,50 \u20ac<\/strong><\/p>\n\n\n\n<p class=\"gb-text gb-text-e248f88c\">V\u00fdrobky si m\u016f\u017eete zakoupit na farm\u011b nebo na na\u0161ich t\u0159e\u0161\u0148ov\u00fdch slavnostech.<\/p>\n<\/div>\n<\/div>\n\n\n\n<div>\n<img loading=\"lazy\" decoding=\"async\" width=\"960\" height=\"1440\" class=\"container--height-mobile gb-media-11fd3f16\" src=\"https:\/\/schloss-schrattenthal.at\/wp-content\/uploads\/Kirsch-Essig-Schloss-Schrattenthal.jpg\" title=\"Kirsch\u016fv ocet - Z\u00e1mek Schrattenthal\" alt=\"Kirschessig aus Kirchgarten - Schloss Schrattenthal\" srcset=\"https:\/\/schloss-schrattenthal.at\/wp-content\/uploads\/Kirsch-Essig-Schloss-Schrattenthal.jpg 960w, https:\/\/schloss-schrattenthal.at\/wp-content\/uploads\/Kirsch-Essig-Schloss-Schrattenthal-307x460.jpg 307w, https:\/\/schloss-schrattenthal.at\/wp-content\/uploads\/Kirsch-Essig-Schloss-Schrattenthal-683x1024.jpg 683w, https:\/\/schloss-schrattenthal.at\/wp-content\/uploads\/Kirsch-Essig-Schloss-Schrattenthal-768x1152.jpg 768w\" sizes=\"auto, (max-width: 960px) 100vw, 960px\" \/>\n<\/div>\n<\/div>\n\n\n\n<div class=\"gb-element-5f1cf28a\">\n<div><div >\n<div class=\"gb-loop-item gb-loop-item-00513217 post-36989 post type-post status-publish format-standard has-post-thumbnail hentry category-blog\">\n<div class=\"gb-element-a44e9e18\">\n<div class=\"gb-element-b613a0da\">\n<h3 class=\"gb-text gb-text-8f7b5e1d\">Koncert p\u0159i sv\u00ed\u010dk\u00e1ch s Rainerem K\u00fcchlem<\/h3>\n\n\n\n<p class=\"gb-text\">Rainer K\u00fcchl hraje Paganiniho 24 Capricci p\u0159i sv\u00ed\u010dk\u00e1ch. 21. \u010dervna se poslucha\u010di mohou t\u011b\u0161it na mimo\u0159\u00e1dn\u00fd koncertn\u00ed ve\u010der: Rainer K\u00fcchl se pust\u00ed do jedn\u00e9 z nejv\u011bt\u0161\u00edch v\u00fdzev...<\/p>\n\n\n\n<a class=\"gb-text button--secondary gb-text-52b8c565\" href=\"https:\/\/schloss-schrattenthal.at\/cs\/kerzenlichtkonzert-mit-rainer-kuechl\/\">P\u0159e\u010dt\u011bte si v\u00edce<\/a>\n<\/div>\n\n\n\n<div>\n<img loading=\"lazy\" decoding=\"async\" width=\"1000\" height=\"1000\" alt=\"\" data-media-id=\"36993\" class=\"gb-media-e221047f\" src=\"https:\/\/schloss-schrattenthal.at\/wp-content\/uploads\/Schloss-Schrattenthal-Kerzenlichtkonzert-2025-mit-Rainer-Kuechl.webp\" srcset=\"https:\/\/schloss-schrattenthal.at\/wp-content\/uploads\/Schloss-Schrattenthal-Kerzenlichtkonzert-2025-mit-Rainer-Kuechl.webp 1000w, https:\/\/schloss-schrattenthal.at\/wp-content\/uploads\/Schloss-Schrattenthal-Kerzenlichtkonzert-2025-mit-Rainer-Kuechl-640x640.webp 640w, https:\/\/schloss-schrattenthal.at\/wp-content\/uploads\/Schloss-Schrattenthal-Kerzenlichtkonzert-2025-mit-Rainer-Kuechl-250x250.webp 250w, https:\/\/schloss-schrattenthal.at\/wp-content\/uploads\/Schloss-Schrattenthal-Kerzenlichtkonzert-2025-mit-Rainer-Kuechl-768x768.webp 768w\" sizes=\"auto, (max-width: 1000px) 100vw, 1000px\" \/>\n<\/div>\n<\/div>\n<\/div>\n\n<div class=\"gb-loop-item gb-loop-item-00513217 post-36156 post type-post status-publish format-standard has-post-thumbnail hentry category-blog\">\n<div class=\"gb-element-a44e9e18\">\n<div class=\"gb-element-b613a0da\">\n<h3 class=\"gb-text gb-text-8f7b5e1d\">Festival kvetouc\u00edch t\u0159e\u0161n\u00ed<\/h3>\n\n\n\n<p class=\"gb-text\">Term\u00edn je pevn\u011b stanoven a na\u0161e kv\u011btinov\u00e1 slavnost se bude konat 22. dubna 2018 od 14 hodin. Zveme v\u0161echny sponzory strom\u016f, ale i z\u00e1jemce, aby si u\u017eili p\u0159\u00edrodn\u00ed pod\u00edvanou s...<\/p>\n\n\n\n<a class=\"gb-text button--secondary gb-text-52b8c565\" href=\"https:\/\/schloss-schrattenthal.at\/cs\/kirschbluetenfest\/\">P\u0159e\u010dt\u011bte si v\u00edce<\/a>\n<\/div>\n\n\n\n<div>\n<img loading=\"lazy\" decoding=\"async\" width=\"1832\" height=\"1221\" alt=\"bl\u00fchender Kirschbaum gegen blauen Himmel\" data-media-id=\"35925\" class=\"gb-media-e221047f\" src=\"https:\/\/schloss-schrattenthal.at\/wp-content\/uploads\/Kirschbluete-nah-volle-Bluete.jpg\" srcset=\"https:\/\/schloss-schrattenthal.at\/wp-content\/uploads\/Kirschbluete-nah-volle-Bluete.jpg 1832w, https:\/\/schloss-schrattenthal.at\/wp-content\/uploads\/Kirschbluete-nah-volle-Bluete-460x307.jpg 460w, https:\/\/schloss-schrattenthal.at\/wp-content\/uploads\/Kirschbluete-nah-volle-Bluete-1024x682.jpg 1024w, https:\/\/schloss-schrattenthal.at\/wp-content\/uploads\/Kirschbluete-nah-volle-Bluete-768x512.jpg 768w, https:\/\/schloss-schrattenthal.at\/wp-content\/uploads\/Kirschbluete-nah-volle-Bluete-1536x1024.jpg 1536w\" sizes=\"auto, (max-width: 1832px) 100vw, 1832px\" \/>\n<\/div>\n<\/div>\n<\/div>\n\n<div class=\"gb-loop-item gb-loop-item-00513217 post-36154 post type-post status-publish format-standard has-post-thumbnail hentry category-blog\">\n<div class=\"gb-element-a44e9e18\">\n<div class=\"gb-element-b613a0da\">\n<h3 class=\"gb-text gb-text-8f7b5e1d\">Festival rozkvetl\u00fdch t\u0159e\u0161n\u00ed 2018<\/h3>\n\n\n\n<p class=\"gb-text\">Za n\u00e1dhern\u00e9ho letn\u00edho po\u010das\u00ed jsme si spole\u010dn\u011b se sponzory strom\u016f u\u017eili leto\u0161n\u00ed slavnost rozkvetl\u00fdch t\u0159e\u0161n\u00ed. Zahradu nav\u0161t\u00edvilo p\u0159es 200 host\u016f, kte\u0159\u00ed si vybrali sv\u016fj vlastn\u00ed strom...<\/p>\n\n\n\n<a class=\"gb-text button--secondary gb-text-52b8c565\" href=\"https:\/\/schloss-schrattenthal.at\/cs\/kirschbluetenfest-2018\/\">P\u0159e\u010dt\u011bte si v\u00edce<\/a>\n<\/div>\n\n\n\n<div>\n<img loading=\"lazy\" decoding=\"async\" width=\"1920\" height=\"1280\" alt=\"Menschen entspannen an einem sonnigen Sommertag in einem Kirschgarten\" data-media-id=\"35927\" class=\"gb-media-e221047f\" src=\"https:\/\/schloss-schrattenthal.at\/wp-content\/uploads\/Kirschbluetenfest-Kirschgarten-sonne-Schloss-Schrattenthal.jpg\" srcset=\"https:\/\/schloss-schrattenthal.at\/wp-content\/uploads\/Kirschbluetenfest-Kirschgarten-sonne-Schloss-Schrattenthal.jpg 1920w, https:\/\/schloss-schrattenthal.at\/wp-content\/uploads\/Kirschbluetenfest-Kirschgarten-sonne-Schloss-Schrattenthal-460x307.jpg 460w, https:\/\/schloss-schrattenthal.at\/wp-content\/uploads\/Kirschbluetenfest-Kirschgarten-sonne-Schloss-Schrattenthal-1024x683.jpg 1024w, https:\/\/schloss-schrattenthal.at\/wp-content\/uploads\/Kirschbluetenfest-Kirschgarten-sonne-Schloss-Schrattenthal-768x512.jpg 768w, https:\/\/schloss-schrattenthal.at\/wp-content\/uploads\/Kirschbluetenfest-Kirschgarten-sonne-Schloss-Schrattenthal-1536x1024.jpg 1536w\" sizes=\"auto, (max-width: 1920px) 100vw, 1920px\" \/>\n<\/div>\n<\/div>\n<\/div>\n\n<div class=\"gb-loop-item gb-loop-item-00513217 post-36152 post type-post status-publish format-standard has-post-thumbnail hentry category-blog\">\n<div class=\"gb-element-a44e9e18\">\n<div class=\"gb-element-b613a0da\">\n<h3 class=\"gb-text gb-text-8f7b5e1d\">Slavnost sklizn\u011b t\u0159e\u0161n\u00ed 2018<\/h3>\n\n\n\n<p class=\"gb-text\">Letos se urodilo spousta t\u0159e\u0161n\u00ed a sponzo\u0159i si u\u017eili velkou z\u00e1bavu p\u0159i sklizni vlastn\u00edho stromu. Krom\u011b chladiv\u00fdch n\u00e1poj\u016f jsme na\u0161im sponzor\u016fm op\u011bt nab\u00eddli...<\/p>\n\n\n\n<a class=\"gb-text button--secondary gb-text-52b8c565\" href=\"https:\/\/schloss-schrattenthal.at\/cs\/kirscherntefest-2018\/\">P\u0159e\u010dt\u011bte si v\u00edce<\/a>\n<\/div>\n\n\n\n<div>\n<img loading=\"lazy\" decoding=\"async\" width=\"1280\" height=\"1920\" alt=\"M\u00e4dchen mit einem Korb Kirschen geht durch den Garten und isst Kirschen\" data-media-id=\"35923\" class=\"gb-media-e221047f\" src=\"https:\/\/schloss-schrattenthal.at\/wp-content\/uploads\/Kind-Kirschen-essen-Kirschbaum.jpg\" srcset=\"https:\/\/schloss-schrattenthal.at\/wp-content\/uploads\/Kind-Kirschen-essen-Kirschbaum.jpg 1280w, https:\/\/schloss-schrattenthal.at\/wp-content\/uploads\/Kind-Kirschen-essen-Kirschbaum-307x460.jpg 307w, https:\/\/schloss-schrattenthal.at\/wp-content\/uploads\/Kind-Kirschen-essen-Kirschbaum-683x1024.jpg 683w, https:\/\/schloss-schrattenthal.at\/wp-content\/uploads\/Kind-Kirschen-essen-Kirschbaum-768x1152.jpg 768w, https:\/\/schloss-schrattenthal.at\/wp-content\/uploads\/Kind-Kirschen-essen-Kirschbaum-1024x1536.jpg 1024w\" sizes=\"auto, (max-width: 1280px) 100vw, 1280px\" \/>\n<\/div>\n<\/div>\n<\/div>\n\n<div class=\"gb-loop-item gb-loop-item-00513217 post-36080 post type-post status-publish format-standard has-post-thumbnail hentry category-blog\">\n<div class=\"gb-element-a44e9e18\">\n<div class=\"gb-element-b613a0da\">\n<h3 class=\"gb-text gb-text-8f7b5e1d\">Galakoncert festivalu v Retzu: STABAT MATER<\/h3>\n\n\n\n<p class=\"gb-text\">Italsk\u00e1 sopranistka Sandra Foschiatto, \u017e\u00e1kyn\u011b Katie Ricciarelli a Mirelly Freni, je doma na velk\u00fdch opern\u00edch sc\u00e9n\u00e1ch a koncertn\u00edch p\u00f3di\u00edch v Evrop\u011b a Asii. Spole\u010dn\u011b s Pandolfi...<\/p>\n\n\n\n<a class=\"gb-text button--secondary gb-text-52b8c565\" href=\"https:\/\/schloss-schrattenthal.at\/cs\/retzer-festival-galakonzert-stabat-mater\/\">P\u0159e\u010dt\u011bte si v\u00edce<\/a>\n<\/div>\n\n\n\n<div>\n<img loading=\"lazy\" decoding=\"async\" width=\"1000\" height=\"1000\" alt=\"Schloss Schrattenthal - Retzer Festival Galakonzert - Stabat Mater\" data-media-id=\"36218\" class=\"gb-media-e221047f\" src=\"https:\/\/schloss-schrattenthal.at\/wp-content\/uploads\/Schloss-Schrattenthal-Retzer-Festival-Galakonzert-Stabat-Mater.webp\" srcset=\"https:\/\/schloss-schrattenthal.at\/wp-content\/uploads\/Schloss-Schrattenthal-Retzer-Festival-Galakonzert-Stabat-Mater.webp 1000w, https:\/\/schloss-schrattenthal.at\/wp-content\/uploads\/Schloss-Schrattenthal-Retzer-Festival-Galakonzert-Stabat-Mater-460x460.webp 460w, https:\/\/schloss-schrattenthal.at\/wp-content\/uploads\/Schloss-Schrattenthal-Retzer-Festival-Galakonzert-Stabat-Mater-150x150.webp 150w, https:\/\/schloss-schrattenthal.at\/wp-content\/uploads\/Schloss-Schrattenthal-Retzer-Festival-Galakonzert-Stabat-Mater-768x768.webp 768w\" sizes=\"auto, (max-width: 1000px) 100vw, 1000px\" \/>\n<\/div>\n<\/div>\n<\/div>\n\n<div class=\"gb-loop-item gb-loop-item-00513217 post-36076 post type-post status-publish format-standard has-post-thumbnail hentry category-blog\">\n<div class=\"gb-element-a44e9e18\">\n<div class=\"gb-element-b613a0da\">\n<h3 class=\"gb-text gb-text-8f7b5e1d\">Pot\u011b\u0161en\u00ed ze zahradni\u010den\u00ed<\/h3>\n\n\n\n<p class=\"gb-text\">Za\u017eijte kouzlo z\u00e1\u0159iv\u00fdch barev, podmaniv\u00fdch v\u016fn\u00ed a um\u011bleck\u00fdch tvar\u016f v opravdov\u00e9m zahradn\u00edm r\u00e1ji. Od jemn\u00fdch kv\u011btinov\u00fdch kompozic a\u017e po p\u016fsobiv\u00e9 um\u011bleck\u00e9 instalace - zde najdete...<\/p>\n\n\n\n<a class=\"gb-text button--secondary gb-text-52b8c565\" href=\"https:\/\/schloss-schrattenthal.at\/cs\/gartenlust\/\">P\u0159e\u010dt\u011bte si v\u00edce<\/a>\n<\/div>\n\n\n\n<div>\n<img loading=\"lazy\" decoding=\"async\" width=\"1000\" height=\"1000\" alt=\"Schloss Schrattenthal - Gartenlust-2025\" data-media-id=\"36214\" class=\"gb-media-e221047f\" src=\"https:\/\/schloss-schrattenthal.at\/wp-content\/uploads\/Schloss-Schrattenthal-Gartenlust-2025.webp\" srcset=\"https:\/\/schloss-schrattenthal.at\/wp-content\/uploads\/Schloss-Schrattenthal-Gartenlust-2025.webp 1000w, https:\/\/schloss-schrattenthal.at\/wp-content\/uploads\/Schloss-Schrattenthal-Gartenlust-2025-460x460.webp 460w, https:\/\/schloss-schrattenthal.at\/wp-content\/uploads\/Schloss-Schrattenthal-Gartenlust-2025-150x150.webp 150w, https:\/\/schloss-schrattenthal.at\/wp-content\/uploads\/Schloss-Schrattenthal-Gartenlust-2025-768x768.webp 768w\" sizes=\"auto, (max-width: 1000px) 100vw, 1000px\" \/>\n<\/div>\n<\/div>\n<\/div>\n<\/div><\/div>\n<\/div>\n<\/div>\n<\/div>\n<\/div>","protected":false},"excerpt":{"rendered":"<p>S v\u00e1\u0161n\u00ed a l\u00e1skou U\u017e\u00edvejte si p\u0159\u00edrodu, \u017eijte tradice, rozd\u00e1vejte radost Andrea Schubert Krajin\u00e1\u0159sk\u00e1 architektka a t\u0159e\u0161\u0148ov\u00e1 v\u00edla Co stoj\u00ed za projektem? Odneste si v \u010dervnu celou \u00farodu vlastn\u00edho stromu dom\u016f a podpo\u0159te tak zachov\u00e1n\u00ed krajiny. T\u0159e\u0161\u0148ov\u00fd sad o rozloze 35 000 m\u00b2 si m\u016f\u017eete vychutnat kdykoli b\u011bhem roku, ale obzvl\u00e1\u0161\u0165 p\u016fsobiv\u00fd je ... <a title=\"Informace o t\u0159e\u0161ni\" class=\"read-more\" href=\"https:\/\/schloss-schrattenthal.at\/cs\/kirschengarten\/kirschbauminfo\/\" aria-label=\"\u010c\u00edst v\u00edce o cherry tree info\">P\u0159e\u010dt\u011bte si v\u00edce<\/a><\/p>","protected":false},"author":2,"featured_media":0,"parent":35479,"menu_order":0,"comment_status":"closed","ping_status":"closed","template":"","meta":{"_acf_changed":false,"footnotes":""},"class_list":["post-36105","page","type-page","status-publish"],"acf":[],"_links":{"self":[{"href":"https:\/\/schloss-schrattenthal.at\/cs\/wp-json\/wp\/v2\/pages\/36105","targetHints":{"allow":["GET"]}}],"collection":[{"href":"https:\/\/schloss-schrattenthal.at\/cs\/wp-json\/wp\/v2\/pages"}],"about":[{"href":"https:\/\/schloss-schrattenthal.at\/cs\/wp-json\/wp\/v2\/types\/page"}],"author":[{"embeddable":true,"href":"https:\/\/schloss-schrattenthal.at\/cs\/wp-json\/wp\/v2\/users\/2"}],"replies":[{"embeddable":true,"href":"https:\/\/schloss-schrattenthal.at\/cs\/wp-json\/wp\/v2\/comments?post=36105"}],"version-history":[{"count":57,"href":"https:\/\/schloss-schrattenthal.at\/cs\/wp-json\/wp\/v2\/pages\/36105\/revisions"}],"predecessor-version":[{"id":36974,"href":"https:\/\/schloss-schrattenthal.at\/cs\/wp-json\/wp\/v2\/pages\/36105\/revisions\/36974"}],"up":[{"embeddable":true,"href":"https:\/\/schloss-schrattenthal.at\/cs\/wp-json\/wp\/v2\/pages\/35479"}],"wp:attachment":[{"href":"https:\/\/schloss-schrattenthal.at\/cs\/wp-json\/wp\/v2\/media?parent=36105"}],"curies":[{"name":"wp","href":"https:\/\/api.w.org\/{rel}","templated":true}]}}