{"id":37127,"date":"2025-03-21T13:28:05","date_gmt":"2025-03-21T12:28:05","guid":{"rendered":"https:\/\/schloss-schrattenthal.at\/?page_id=37127"},"modified":"2026-04-10T10:40:07","modified_gmt":"2026-04-10T08:40:07","slug":"ihre-feier","status":"publish","type":"page","link":"https:\/\/schloss-schrattenthal.at\/cs\/ihre-feier\/","title":{"rendered":"Oslava"},"content":{"rendered":"<div class=\"section gb-element-0dc8c1bf\">\n<div class=\"gb-element-0f781a40\">\n<div class=\"gb-element-4ed1eb49\">\n<div class=\"gb-element-ca825678\">\n<h1 class=\"gb-text headline--h1 gb-text-d727bc41\">Oslava<\/h1>\n<\/div>\n\n\n\n<div class=\"padding--secondary gb-element-411120f1\">\n<div class=\"gb-element-27d97267\">\n<p class=\"gb-text-cd5b1934\"><span class=\"gb-shape\"><svg xmlns=\"http:\/\/www.w3.org\/2000\/svg\" width=\"32\" height=\"32\" viewbox=\"0 0 24 24\"><!-- Icon from All by undefined - undefined --><path fill=\"currentColor\" d=\"m8.85 16.825l3.15-1.9l3.15 1.925l-.825-3.6l2.775-2.4l-3.65-.325l-1.45-3.4l-1.45 3.375l-3.65.325l2.775 2.425zM5.825 21l1.625-7.025L2 9.25l7.2-.625L12 2l2.8 6.625l7.2.625l-5.45 4.725L18.175 21L12 17.275zM12 12.25\"><\/path><\/svg><\/span><span class=\"gb-text\">V\u00e1no\u010dn\u00ed ve\u010d\u00edrky<\/span><\/p>\n\n\n\n<p class=\"gb-text-64257e79\"><span class=\"gb-shape\"><svg xmlns=\"http:\/\/www.w3.org\/2000\/svg\" width=\"32\" height=\"32\" viewbox=\"0 0 24 24\"><!-- Icon from All by undefined - undefined --><path fill=\"currentColor\" d=\"m8.85 16.825l3.15-1.9l3.15 1.925l-.825-3.6l2.775-2.4l-3.65-.325l-1.45-3.4l-1.45 3.375l-3.65.325l2.775 2.425zM5.825 21l1.625-7.025L2 9.25l7.2-.625L12 2l2.8 6.625l7.2.625l-5.45 4.725L18.175 21L12 17.275zM12 12.25\"><\/path><\/svg><\/span><span class=\"gb-text\">Prezentace produkt\u016f<\/span><\/p>\n\n\n\n<p class=\"gb-text-3212e575\"><span class=\"gb-shape\"><svg xmlns=\"http:\/\/www.w3.org\/2000\/svg\" width=\"32\" height=\"32\" viewbox=\"0 0 24 24\"><!-- Icon from All by undefined - undefined --><path fill=\"currentColor\" d=\"m8.85 16.825l3.15-1.9l3.15 1.925l-.825-3.6l2.775-2.4l-3.65-.325l-1.45-3.4l-1.45 3.375l-3.65.325l2.775 2.425zM5.825 21l1.625-7.025L2 9.25l7.2-.625L12 2l2.8 6.625l7.2.625l-5.45 4.725L18.175 21L12 17.275zM12 12.25\"><\/path><\/svg><\/span><span class=\"gb-text\">Tiskov\u00e9 konference<\/span><\/p>\n\n\n\n<p class=\"gb-text-6d6f69cd\"><span class=\"gb-shape\"><svg xmlns=\"http:\/\/www.w3.org\/2000\/svg\" width=\"32\" height=\"32\" viewbox=\"0 0 24 24\"><!-- Icon from All by undefined - undefined --><path fill=\"currentColor\" d=\"m8.85 16.825l3.15-1.9l3.15 1.925l-.825-3.6l2.775-2.4l-3.65-.325l-1.45-3.4l-1.45 3.375l-3.65.325l2.775 2.425zM5.825 21l1.625-7.025L2 9.25l7.2-.625L12 2l2.8 6.625l7.2.625l-5.45 4.725L18.175 21L12 17.275zM12 12.25\"><\/path><\/svg><\/span><span class=\"gb-text\">\u010cten\u00ed<\/span><\/p>\n\n\n\n<p class=\"gb-text-2cdfdcb5\"><span class=\"gb-shape\"><svg xmlns=\"http:\/\/www.w3.org\/2000\/svg\" width=\"32\" height=\"32\" viewbox=\"0 0 24 24\"><!-- Icon from All by undefined - undefined --><path fill=\"currentColor\" d=\"m8.85 16.825l3.15-1.9l3.15 1.925l-.825-3.6l2.775-2.4l-3.65-.325l-1.45-3.4l-1.45 3.375l-3.65.325l2.775 2.425zM5.825 21l1.625-7.025L2 9.25l7.2-.625L12 2l2.8 6.625l7.2.625l-5.45 4.725L18.175 21L12 17.275zM12 12.25\"><\/path><\/svg><\/span><span class=\"gb-text\">Letn\u00ed divadlo<\/span><\/p>\n\n\n\n<div>\n<p class=\"gb-text-a1de6dfe\"><span class=\"gb-shape\"><svg xmlns=\"http:\/\/www.w3.org\/2000\/svg\" width=\"32\" height=\"32\" viewbox=\"0 0 24 24\"><!-- Icon from All by undefined - undefined --><path fill=\"currentColor\" d=\"m8.85 16.825l3.15-1.9l3.15 1.925l-.825-3.6l2.775-2.4l-3.65-.325l-1.45-3.4l-1.45 3.375l-3.65.325l2.775 2.425zM5.825 21l1.625-7.025L2 9.25l7.2-.625L12 2l2.8 6.625l7.2.625l-5.45 4.725L18.175 21L12 17.275zM12 12.25\"><\/path><\/svg><\/span><span class=\"gb-text\">Tv\u016fr\u010d\u00ed d\u00edlny<\/span><\/p>\n\n\n\n<p class=\"gb-text gb-text-ec7715d8\">(fotografie, malba, esoterika, j\u00f3ga)<\/p>\n<\/div>\n<\/div>\n\n\n\n<div class=\"gb-element-9dbe4289\">\n<p class=\"gb-text-074b4e33\"><span class=\"gb-shape\"><svg xmlns=\"http:\/\/www.w3.org\/2000\/svg\" width=\"32\" height=\"32\" viewbox=\"0 0 24 24\"><!-- Icon from All by undefined - undefined --><path fill=\"currentColor\" d=\"m8.85 16.825l3.15-1.9l3.15 1.925l-.825-3.6l2.775-2.4l-3.65-.325l-1.45-3.4l-1.45 3.375l-3.65.325l2.775 2.425zM5.825 21l1.625-7.025L2 9.25l7.2-.625L12 2l2.8 6.625l7.2.625l-5.45 4.725L18.175 21L12 17.275zM12 12.25\"><\/path><\/svg><\/span><span class=\"gb-text\">Narozeniny<\/span><\/p>\n\n\n\n<p class=\"gb-text-bc20002e\"><span class=\"gb-shape\"><svg xmlns=\"http:\/\/www.w3.org\/2000\/svg\" width=\"32\" height=\"32\" viewbox=\"0 0 24 24\"><!-- Icon from All by undefined - undefined --><path fill=\"currentColor\" d=\"m8.85 16.825l3.15-1.9l3.15 1.925l-.825-3.6l2.775-2.4l-3.65-.325l-1.45-3.4l-1.45 3.375l-3.65.325l2.775 2.425zM5.825 21l1.625-7.025L2 9.25l7.2-.625L12 2l2.8 6.625l7.2.625l-5.45 4.725L18.175 21L12 17.275zM12 12.25\"><\/path><\/svg><\/span><span class=\"gb-text\">Panelov\u00e9 diskuse<\/span><\/p>\n\n\n\n<p class=\"gb-text-66e276bf\"><span class=\"gb-shape\"><svg xmlns=\"http:\/\/www.w3.org\/2000\/svg\" width=\"32\" height=\"32\" viewbox=\"0 0 24 24\"><!-- Icon from All by undefined - undefined --><path fill=\"currentColor\" d=\"m8.85 16.825l3.15-1.9l3.15 1.925l-.825-3.6l2.775-2.4l-3.65-.325l-1.45-3.4l-1.45 3.375l-3.65.325l2.775 2.425zM5.825 21l1.625-7.025L2 9.25l7.2-.625L12 2l2.8 6.625l7.2.625l-5.45 4.725L18.175 21L12 17.275zM12 12.25\"><\/path><\/svg><\/span><span class=\"gb-text\">Konference<\/span><\/p>\n\n\n\n<p class=\"gb-text-8d3a7cb9\"><span class=\"gb-shape\"><svg xmlns=\"http:\/\/www.w3.org\/2000\/svg\" width=\"32\" height=\"32\" viewbox=\"0 0 24 24\"><!-- Icon from All by undefined - undefined --><path fill=\"currentColor\" d=\"m8.85 16.825l3.15-1.9l3.15 1.925l-.825-3.6l2.775-2.4l-3.65-.325l-1.45-3.4l-1.45 3.375l-3.65.325l2.775 2.425zM5.825 21l1.625-7.025L2 9.25l7.2-.625L12 2l2.8 6.625l7.2.625l-5.45 4.725L18.175 21L12 17.275zM12 12.25\"><\/path><\/svg><\/span><span class=\"gb-text\">Jednodenn\u00ed semin\u00e1\u0159e<\/span><\/p>\n\n\n\n<p class=\"gb-text-651c5fce\"><span class=\"gb-shape\"><svg xmlns=\"http:\/\/www.w3.org\/2000\/svg\" width=\"32\" height=\"32\" viewbox=\"0 0 24 24\"><!-- Icon from All by undefined - undefined --><path fill=\"currentColor\" d=\"m8.85 16.825l3.15-1.9l3.15 1.925l-.825-3.6l2.775-2.4l-3.65-.325l-1.45-3.4l-1.45 3.375l-3.65.325l2.775 2.425zM5.825 21l1.625-7.025L2 9.25l7.2-.625L12 2l2.8 6.625l7.2.625l-5.45 4.725L18.175 21L12 17.275zM12 12.25\"><\/path><\/svg><\/span><span class=\"gb-text\">Firemn\u00ed workshopy<\/span><\/p>\n\n\n\n<div>\n<p class=\"gb-text-74172ed3\"><span class=\"gb-shape\"><svg xmlns=\"http:\/\/www.w3.org\/2000\/svg\" width=\"32\" height=\"32\" viewbox=\"0 0 24 24\"><!-- Icon from All by undefined - undefined --><path fill=\"currentColor\" d=\"m8.85 16.825l3.15-1.9l3.15 1.925l-.825-3.6l2.775-2.4l-3.65-.325l-1.45-3.4l-1.45 3.375l-3.65.325l2.775 2.425zM5.825 21l1.625-7.025L2 9.25l7.2-.625L12 2l2.8 6.625l7.2.625l-5.45 4.725L18.175 21L12 17.275zM12 12.25\"><\/path><\/svg><\/span><span class=\"gb-text\">Hudebn\u00ed akce <\/span><\/p>\n\n\n\n<p class=\"gb-text gb-text-41cf34bc\">(klasick\u00e1 hudba, jazz)<\/p>\n<\/div>\n<\/div>\n<\/div>\n\n\n\n<div class=\"gb-element-8bc150c7\">\n<div class=\"container--height-mobile padding--secondary gb-element-a6b8d638\">\n<h2 class=\"gb-text gb-text-a4f0f109\">Napl\u00e1nujte si akci na z\u00e1mku Schrattenthal<\/h2>\n\n\n\n<a class=\"gb-text button--primary\" href=\"\/cs\/kontakt\/\">Popt\u00e1vka<\/a>\n<\/div>\n\n\n\n<div class=\"padding--secondary gb-element-ae226260\">\n<p class=\"gb-text gb-text-43499cb8\">Z\u00e1mek Schrattenthal a jeho hospod\u00e1\u0159sk\u00e9 budovy nab\u00edzej\u00ed mnoho mo\u017enost\u00ed pro po\u0159\u00e1d\u00e1n\u00ed akc\u00ed a ud\u00e1lost\u00ed. V nejr\u016fzn\u011bj\u0161\u00edch m\u00edstnostech, budov\u00e1ch a zahrad\u00e1ch lze ubytovat od 20 do 200 osob. Ka\u017ed\u00fd jednotliv\u00fd prostor nab\u00edz\u00ed jedine\u010dnou atmosf\u00e9ru, od reprezentativn\u00edch reprezenta\u010dn\u00edch m\u00edstnost\u00ed a\u017e po rustik\u00e1ln\u00ed prost\u0159ed\u00ed Sch\u00fcttkasten.<\/p>\n<\/div>\n<\/div>\n\n\n\n<div class=\"container--height-mobile gb-element-2347785c\"><\/div>\n\n\n\n<div class=\"gb-element-923af159\">\n<div class=\"gb-element-683e400c\">\n<img loading=\"lazy\" decoding=\"async\" width=\"640\" height=\"640\" class=\"gb-media-5a3f99b4\" src=\"https:\/\/schloss-schrattenthal.at\/wp-content\/uploads\/Schloss-Schrattenthal-Festsaal-Events.jpg\" title=\"Festivalov\u00fd s\u00e1l z\u00e1mku Schrattenthal Ud\u00e1losti\" srcset=\"https:\/\/schloss-schrattenthal.at\/wp-content\/uploads\/Schloss-Schrattenthal-Festsaal-Events.jpg 640w, https:\/\/schloss-schrattenthal.at\/wp-content\/uploads\/Schloss-Schrattenthal-Festsaal-Events-460x460.jpg 460w, https:\/\/schloss-schrattenthal.at\/wp-content\/uploads\/Schloss-Schrattenthal-Festsaal-Events-150x150.jpg 150w\" sizes=\"auto, (max-width: 640px) 100vw, 640px\" \/>\n<\/div>\n\n\n\n<div class=\"padding--secondary gb-element-0a521f7e\">\n<h2 class=\"gb-text gb-text-e38638e7\">St\u00e1tn\u00ed pokoje<\/h2>\n\n\n\n<p class=\"gb-text gb-text-efac2fc7\">Reprezenta\u010dn\u00ed pokoje jsou ide\u00e1ln\u00edm m\u00edstem, kde se m\u016f\u017eete c\u00edtit jako princezna.<\/p>\n<\/div>\n<\/div>\n\n\n\n<div class=\"gb-element-8a351ee3\">\n<div class=\"padding--secondary gb-element-d5477437\">\n<h2 class=\"gb-text gb-text-9db2740b\">R\u016f\u017eov\u00e1 zahrada<\/h2>\n\n\n\n<p class=\"gb-text gb-text-0481ccb7\">Z\u00e1meck\u00e1 zahrada a park jsou nesm\u00edrn\u011b romantick\u00e9 a zasn\u011bn\u00e9.<\/p>\n<\/div>\n\n\n\n<div class=\"gb-element-79e7744d\">\n<img loading=\"lazy\" decoding=\"async\" width=\"640\" height=\"640\" class=\"gb-media-07f703be\" src=\"https:\/\/schloss-schrattenthal.at\/wp-content\/uploads\/Schloss-Schrattenthal-Garten.jpg\" title=\"Z\u00e1meck\u00e1 zahrada Schrattenthal\" srcset=\"https:\/\/schloss-schrattenthal.at\/wp-content\/uploads\/Schloss-Schrattenthal-Garten.jpg 640w, https:\/\/schloss-schrattenthal.at\/wp-content\/uploads\/Schloss-Schrattenthal-Garten-460x460.jpg 460w, https:\/\/schloss-schrattenthal.at\/wp-content\/uploads\/Schloss-Schrattenthal-Garten-150x150.jpg 150w\" sizes=\"auto, (max-width: 640px) 100vw, 640px\" \/>\n<\/div>\n<\/div>\n\n\n\n<div class=\"gb-element-7c6c7a6f\">\n<div class=\"gb-element-18dcd4f9\">\n<img loading=\"lazy\" decoding=\"async\" width=\"640\" height=\"640\" class=\"gb-media-b5746f1b\" src=\"https:\/\/schloss-schrattenthal.at\/wp-content\/uploads\/Schloss-Schrattenthal-Schuettkasten.jpg\" title=\"Z\u00e1mek Schrattenthal - schr\u00e1nka na su\u0165\" srcset=\"https:\/\/schloss-schrattenthal.at\/wp-content\/uploads\/Schloss-Schrattenthal-Schuettkasten.jpg 640w, https:\/\/schloss-schrattenthal.at\/wp-content\/uploads\/Schloss-Schrattenthal-Schuettkasten-460x460.jpg 460w, https:\/\/schloss-schrattenthal.at\/wp-content\/uploads\/Schloss-Schrattenthal-Schuettkasten-150x150.jpg 150w\" sizes=\"auto, (max-width: 640px) 100vw, 640px\" \/>\n<\/div>\n\n\n\n<div class=\"padding--secondary gb-element-1f66c34e\">\n<h2 class=\"gb-text gb-text-144e27ef\">Velkoobjemov\u00fd box<\/h2>\n\n\n\n<p class=\"gb-text gb-text-4191e08d\">Dvoupatrov\u00e1 pozdn\u011b barokn\u00ed budova nab\u00edz\u00ed prostor pro p\u0159ibli\u017en\u011b 200 osob.<\/p>\n<\/div>\n<\/div>\n<\/div>\n<\/div>\n<\/div>","protected":false},"excerpt":{"rendered":"<p>Va\u0161e oslava V\u00e1no\u010dn\u00ed ve\u010d\u00edrky Prezentace v\u00fdrobk\u016f Tiskov\u00e9 konference Autorsk\u00e1 \u010dten\u00ed Letn\u00ed divadlo Tv\u016fr\u010d\u00ed d\u00edlny (fotografie, malov\u00e1n\u00ed, esoterika, j\u00f3ga) Narozeniny Panelov\u00e9 diskuse Konference Denn\u00ed semin\u00e1\u0159e Firemn\u00ed workshopy Hudebn\u00ed akce (klasika, jazz) Napl\u00e1nujte si akci na z\u00e1mku Schrattenthal Popt\u00e1vka Z\u00e1mek Schrattenthal se sv\u00fdmi hospod\u00e1\u0159sk\u00fdmi budovami nab\u00edz\u00ed mnoho mo\u017enost\u00ed pro po\u0159\u00e1d\u00e1n\u00ed akc\u00ed a ud\u00e1lost\u00ed. V nejr\u016fzn\u011bj\u0161\u00edch m\u00edstnostech, budov\u00e1ch a prostor\u00e1ch lze ubytovat od 20 do 200 osob, a to v ... <a title=\"Oslava\" class=\"read-more\" href=\"https:\/\/schloss-schrattenthal.at\/cs\/ihre-feier\/\" aria-label=\"\u010c\u00edst v\u00edce o va\u0161\u00ed oslav\u011b\">P\u0159e\u010dt\u011bte si v\u00edce<\/a><\/p>","protected":false},"author":2,"featured_media":0,"parent":0,"menu_order":0,"comment_status":"closed","ping_status":"closed","template":"","meta":{"_acf_changed":false,"footnotes":""},"class_list":["post-37127","page","type-page","status-publish"],"acf":[],"_links":{"self":[{"href":"https:\/\/schloss-schrattenthal.at\/cs\/wp-json\/wp\/v2\/pages\/37127","targetHints":{"allow":["GET"]}}],"collection":[{"href":"https:\/\/schloss-schrattenthal.at\/cs\/wp-json\/wp\/v2\/pages"}],"about":[{"href":"https:\/\/schloss-schrattenthal.at\/cs\/wp-json\/wp\/v2\/types\/page"}],"author":[{"embeddable":true,"href":"https:\/\/schloss-schrattenthal.at\/cs\/wp-json\/wp\/v2\/users\/2"}],"replies":[{"embeddable":true,"href":"https:\/\/schloss-schrattenthal.at\/cs\/wp-json\/wp\/v2\/comments?post=37127"}],"version-history":[{"count":22,"href":"https:\/\/schloss-schrattenthal.at\/cs\/wp-json\/wp\/v2\/pages\/37127\/revisions"}],"predecessor-version":[{"id":37193,"href":"https:\/\/schloss-schrattenthal.at\/cs\/wp-json\/wp\/v2\/pages\/37127\/revisions\/37193"}],"wp:attachment":[{"href":"https:\/\/schloss-schrattenthal.at\/cs\/wp-json\/wp\/v2\/media?parent=37127"}],"curies":[{"name":"wp","href":"https:\/\/api.w.org\/{rel}","templated":true}]}}