{"id":35485,"date":"2025-02-18T11:39:24","date_gmt":"2025-02-18T10:39:24","guid":{"rendered":"https:\/\/schloss-schrattenthal.at\/?page_id=35485"},"modified":"2026-04-10T10:40:08","modified_gmt":"2026-04-10T08:40:08","slug":"kontakt","status":"publish","type":"page","link":"https:\/\/schloss-schrattenthal.at\/en\/kontakt\/","title":{"rendered":"Contact"},"content":{"rendered":"\n<div class=\"section gb-element-56c5a334\">\n<div class=\"gb-element-974ccb57\">\n<div class=\"gb-element-364b7b8f\">\n<h1 class=\"gb-text gb-text-d6952d86\">Schloss Schrattenthal<\/h1>\n\n\n\n<p class=\"gb-text\">Schrattenthal 1<br>A-2073 Schrattenthal \/ N\u00d6<\/p>\n\n\n\n<p class=\"gb-text\">Bitte beachten Sie, Schlo\u00df Schrattenthal ist ein privates Schlo\u00df und steht nur f\u00fcr vereinbarte F\u00fchrungen und Veranstaltungen zur Verf\u00fcgung.<\/p>\n\n\n\n<div class=\"gb-element-252a09fd\">\n<p class=\"gb-text gb-text-5cb12c1d\"><a href=\"tel:+4369910288072\" target=\"_blank\" rel=\"noreferrer noopener\">+43&nbsp;699 102 88 072<\/a><\/p>\n\n\n\n<p class=\"gb-text gb-text-8265f220\"><a href=\"mailto:info@schloss-schrattenthal.at\" target=\"_blank\" rel=\"noreferrer noopener\">info@schloss-schrattenthal.at<\/a><\/p>\n<\/div>\n<\/div>\n\n\n\n<div class=\"gb-element-ec2a24a9\">\n<div class=\"gb-element-971e85e1\">\n<h2 class=\"gb-text gb-text-31e8d845\">Ihre Anfrage<\/h2>\n\n\n\n<div class=\"gb-element-b4305c09\"><div class='fluentform ff-default fluentform_wrapper_5  ff_guten_block ff_guten_block-5 ffs_default_wrap'><form data-form_id=\"5\" id=\"fluentform_5\" class=\"frm-fluent-form fluent_form_5 ff-el-form-top ff_form_instance_5_1 ff-form-loading ffs_default\" data-form_instance=\"ff_form_instance_5_1\" method=\"POST\" ><fieldset  style=\"border: none!important;margin: 0!important;padding: 0!important;background-color: transparent!important;box-shadow: none!important;outline: none!important; min-inline-size: 100%;\">\n                    <legend class=\"ff_screen_reader_title\" style=\"display: block; margin: 0!important;padding: 0!important;height: 0!important;text-indent: -999999px;width: 0!important;overflow:hidden;\">Kontakt Formular<\/legend><input type='hidden' name='__fluent_form_embded_post_id' value='35485' \/><input type=\"hidden\" id=\"_fluentform_5_fluentformnonce\" name=\"_fluentform_5_fluentformnonce\" value=\"d14e1e30a6\" \/><input type=\"hidden\" name=\"_wp_http_referer\" value=\"\/en\/wp-json\/wp\/v2\/pages\/35485\" \/><div class='ff-el-group'><div class=\"ff-el-input--label asterisk-right\"><label for='ff_5_dropdown' id='label_ff_5_dropdown' aria-label=\"Anfragegrund\">Anfragegrund<\/label><\/div><div class='ff-el-input--content'><select name=\"dropdown\" id=\"ff_5_dropdown\" class=\"ff-el-form-control\" data-name=\"dropdown\" data-calc_value=\"0\"  aria-invalid=\"false\" aria-required=\"false\" aria-labelledby=\"label_ff_5_dropdown\"><option value=\"\">&#8211; W\u00e4hlen &#8211;<\/option><option value=\"allgemeine Anfrage\"  selected>allgemeine Anfrage<\/option><option value=\"F\u00fchrung\"  >F\u00fchrung<\/option><option value=\"Hochzeit\"  >Hochzeit<\/option><option value=\"Foto-\/ Filmlocation\"  >Foto-\/ Filmlocation<\/option><option value=\"Kirschbaumpatenschaft\"  >Kirschbaumpatenschaft<\/option><option value=\"Events allgemein\"  >Events allgemein<\/option><\/select><\/div><\/div><div data-type=\"name-element\" data-name=\"names\" class=\" ff-field_container ff-name-field-wrapper\" ><div class='ff-t-container'><div class='ff-t-cell '><div class='ff-el-group ff-el-form-top'><div class=\"ff-el-input--label ff-el-is-required asterisk-right\"><label for='ff_5_names_first_name_' id='label_ff_5_names_first_name_' >Vorname<\/label><\/div><div class='ff-el-input--content'><input type=\"text\" name=\"names[first_name]\" id=\"ff_5_names_first_name_\" class=\"ff-el-form-control\" aria-invalid=\"false\" aria-required=true><\/div><\/div><\/div><div class='ff-t-cell '><div class='ff-el-group ff-el-form-top'><div class=\"ff-el-input--label ff-el-is-required asterisk-right\"><label for='ff_5_names_last_name_' id='label_ff_5_names_last_name_' >Nachname<\/label><\/div><div class='ff-el-input--content'><input type=\"text\" name=\"names[last_name]\" id=\"ff_5_names_last_name_\" class=\"ff-el-form-control\" aria-invalid=\"false\" aria-required=true><\/div><\/div><\/div><\/div><\/div><div data-name=\"ff_cn_id_1\"  class='ff-t-container ff-column-container ff_columns_total_2 '><div class='ff-t-cell ff-t-column-1' style='flex-basis: 50%;'><div class='ff-el-group'><div class=\"ff-el-input--label ff-el-is-required asterisk-right\"><label for='ff_5_email_1' id='label_ff_5_email_1' aria-label=\"E-Mail Adresse\">E-Mail Adresse<\/label><\/div><div class='ff-el-input--content'><input type=\"email\" name=\"email_1\" id=\"ff_5_email_1\" class=\"ff-el-form-control\" data-name=\"email_1\"  aria-invalid=\"false\" aria-required=true><\/div><\/div><\/div><div class='ff-t-cell ff-t-column-2' style='flex-basis: 50%;'><div class='ff-el-group'><div class=\"ff-el-input--label ff-el-is-required asterisk-right\"><label for='ff_5_phone_2' id='label_ff_5_phone_2' aria-label=\"Telefonnummer\">Telefonnummer<\/label><\/div><div class='ff-el-input--content'><input name=\"phone_2\" class=\"ff-el-form-control ff-el-phone ff_el_with_extended_validation\" type=\"tel\" data-name=\"phone_2\" id=\"ff_5_phone_2\" inputmode=\"tel\"  aria-invalid='false' aria-required=true><\/div><\/div><\/div><\/div><div class='ff-el-group'><div class=\"ff-el-input--label asterisk-right\"><label for='ff_5_message' id='label_ff_5_message' aria-label=\"Nachricht\">Nachricht<\/label><\/div><div class='ff-el-input--content'><textarea aria-required=\"false\" aria-labelledby=\"label_ff_5_message\" name=\"message\" id=\"ff_5_message\" class=\"ff-el-form-control\" rows=\"4\" cols=\"1\" data-name=\"message\" ><\/textarea><\/div><\/div><div class='ff-el-group    ff-el-input--content'><div class='ff-el-form-check ff-el-tc'><label aria-label='Ich bin damit einverstanden, dass diese Website meine eingereichten Informationen speichert, damit sie auf meine Anfrage antworten k\u00f6nnen' class='ff-el-form-check-label ff_tc_label' for=gdpr-agreement_24b5a9c3f0fa390f8d38284e95c0026c><span class='ff_tc_checkbox'><input type=\"checkbox\" name=\"gdpr-agreement\" class=\"ff-el-form-check-input ff_gdpr_field\" data-name=\"gdpr-agreement\" id=\"gdpr-agreement_24b5a9c3f0fa390f8d38284e95c0026c\"  value='on' aria-invalid='false' aria-required=true><\/span> <div class='ff_t_c'>Ich bin damit einverstanden, dass diese Website meine eingereichten Informationen speichert, damit sie auf meine Anfrage antworten k\u00f6nnen<\/div><\/label><\/div><\/div><div class='ff-el-group ff-text-center ff_submit_btn_wrapper'><button type=\"submit\" class=\"ff-btn ff-btn-submit ff-btn-md ff_btn_style\"  aria-label=\"Nachricht senden\">Nachricht senden<\/button><\/div><\/fieldset><\/form><div id='fluentform_5_errors' class='ff-errors-in-stack ff_form_instance_5_1 ff-form-loading_errors ff_form_instance_5_1_errors'><\/div><\/div>            <script type=\"text\/javascript\">\n                window.fluent_form_ff_form_instance_5_1 = {\"id\":\"5\",\"ajaxUrl\":\"https:\\\/\\\/schloss-schrattenthal.at\\\/wp-admin\\\/admin-ajax.php\",\"settings\":{\"layout\":{\"labelPlacement\":\"top\",\"helpMessagePlacement\":\"with_label\",\"errorMessagePlacement\":\"inline\",\"cssClassName\":\"\",\"asteriskPlacement\":\"asterisk-right\"},\"restrictions\":{\"denyEmptySubmission\":{\"enabled\":false}}},\"form_instance\":\"ff_form_instance_5_1\",\"form_id_selector\":\"fluentform_5\",\"rules\":{\"dropdown\":{\"required\":{\"value\":false,\"message\":\"This field is required\",\"global_message\":\"Dieses Feld ist erforderlich\",\"global\":true}},\"names[first_name]\":{\"required\":{\"value\":true,\"message\":\"This field is required\",\"global_message\":\"Dieses Feld ist erforderlich\",\"global\":true}},\"names[middle_name]\":{\"required\":{\"value\":false,\"message\":\"This field is required\",\"global_message\":\"Dieses Feld ist erforderlich\",\"global\":true}},\"names[last_name]\":{\"required\":{\"value\":true,\"message\":\"This field is required\",\"global_message\":\"Dieses Feld ist erforderlich\",\"global\":true}},\"email_1\":{\"required\":{\"value\":true,\"message\":\"Dieses Feld ist erforderlich\",\"global\":false,\"global_message\":\"Dieses Feld ist erforderlich\"},\"email\":{\"value\":true,\"message\":\"This field must contain a valid email\",\"global\":false,\"global_message\":\"Dieses Feld muss eine g\\u00fcltige E-Mail-Adresse enthalten\"}},\"phone_2\":{\"required\":{\"value\":true,\"global\":true,\"message\":\"This field is required\",\"global_message\":\"Dieses Feld ist erforderlich\"},\"valid_phone_number\":{\"value\":true,\"global\":true,\"message\":\"Phone number is not valid\",\"global_message\":\"Phone number is not valid\"}},\"message\":{\"required\":{\"value\":false,\"message\":\"Dieses Feld ist erforderlich\",\"global\":false,\"global_message\":\"Dieses Feld ist erforderlich\"}},\"gdpr-agreement\":{\"required\":{\"value\":true,\"message\":\"\",\"global_message\":\"Dieses Feld ist erforderlich\",\"global\":false}}},\"debounce_time\":300};\n                            <\/script>\n            <\/div>\n<\/div>\n<\/div>\n<\/div>\n<\/div>\n","protected":false},"excerpt":{"rendered":"<p>Schrattenthal Castle Schrattenthal 1A-2073 Schrattenthal \/ Lower Austria Please note that Schrattenthal Castle is a private castle and is only available for guided tours and events. +43 699 102 88 072 info@schloss-schrattenthal.at Your enquiry<\/p>","protected":false},"author":2,"featured_media":0,"parent":0,"menu_order":0,"comment_status":"closed","ping_status":"closed","template":"","meta":{"_acf_changed":false,"footnotes":""},"class_list":["post-35485","page","type-page","status-publish"],"acf":[],"_links":{"self":[{"href":"https:\/\/schloss-schrattenthal.at\/en\/wp-json\/wp\/v2\/pages\/35485","targetHints":{"allow":["GET"]}}],"collection":[{"href":"https:\/\/schloss-schrattenthal.at\/en\/wp-json\/wp\/v2\/pages"}],"about":[{"href":"https:\/\/schloss-schrattenthal.at\/en\/wp-json\/wp\/v2\/types\/page"}],"author":[{"embeddable":true,"href":"https:\/\/schloss-schrattenthal.at\/en\/wp-json\/wp\/v2\/users\/2"}],"replies":[{"embeddable":true,"href":"https:\/\/schloss-schrattenthal.at\/en\/wp-json\/wp\/v2\/comments?post=35485"}],"version-history":[{"count":42,"href":"https:\/\/schloss-schrattenthal.at\/en\/wp-json\/wp\/v2\/pages\/35485\/revisions"}],"predecessor-version":[{"id":36816,"href":"https:\/\/schloss-schrattenthal.at\/en\/wp-json\/wp\/v2\/pages\/35485\/revisions\/36816"}],"wp:attachment":[{"href":"https:\/\/schloss-schrattenthal.at\/en\/wp-json\/wp\/v2\/media?parent=35485"}],"curies":[{"name":"wp","href":"https:\/\/api.w.org\/{rel}","templated":true}]}}